{"id":1792,"date":"2024-02-03T10:06:14","date_gmt":"2024-02-03T10:06:14","guid":{"rendered":"https:\/\/rivevents.com\/quote\/"},"modified":"2025-07-28T06:08:37","modified_gmt":"2025-07-28T06:08:37","slug":"quote","status":"publish","type":"page","link":"https:\/\/rivevents.com\/en\/quote\/","title":{"rendered":"Quote Request"},"content":{"rendered":"<div class=\"wpb-content-wrapper\"><p>[vc_row full_width=&#8221;stretch_row&#8221; css=&#8221;.vc_custom_1706954899620{margin-top: 25px !important;background-color: #faf8f5 !important;}&#8221;][vc_column][vc_empty_space hide_on_mobile=&#8221;&#8221;][vc_row_inner][vc_column_inner width=&#8221;1\/6&#8243;][\/vc_column_inner][vc_column_inner width=&#8221;2\/3&#8243;][vc_column_text]<\/p>\n<p>For any questions or to request a quote for event organization, please do not hesitate to contact us. You can reach us in the following way:<br \/>\n<strong>By Phone : <a href=\"tel:0033667240465\">+33(0)6 67 24 04 65<\/a><\/strong><br \/>\n<strong>By Email : <span style=\"font-size: 12pt;\"><a href=\"mailto:contact@rivevents.com\">contact@rivevents.com<\/a><\/span><\/strong><br \/>\n<strong>Contact Form: <\/strong> : Fill out the form below, and our event organization team will get back to you as soon as possible.<\/p>\n<p>[\/vc_column_text][\/vc_column_inner][vc_column_inner width=&#8221;1\/6&#8243;][\/vc_column_inner][\/vc_row_inner][vc_empty_space height=&#8221;3.95rem&#8221; alter_height=&#8221;none&#8221; hide_on_mobile=&#8221;&#8221;][vc_row_inner][vc_column_inner width=&#8221;1\/6&#8243;][\/vc_column_inner][vc_column_inner width=&#8221;2\/3&#8243; css=&#8221;.vc_custom_1706000281863{padding-top: 20px !important;padding-right: 20px !important;padding-bottom: 20px !important;padding-left: 20px !important;background-color: #ffffff !important;border-radius: 10px !important;}&#8221;][vc_empty_space hide_on_mobile=&#8221;&#8221;]\n<div class=\"wpcf7 no-js\" id=\"wpcf7-f1601-o1\" lang=\"fr-FR\" dir=\"ltr\" data-wpcf7-id=\"1601\">\n<div class=\"screen-reader-response\"><p role=\"status\" aria-live=\"polite\" aria-atomic=\"true\"><\/p> <ul><\/ul><\/div>\n<form action=\"\/en\/wp-json\/wp\/v2\/pages\/1792#wpcf7-f1601-o1\" method=\"post\" class=\"wpcf7-form init\" aria-label=\"Formulaire de contact\" novalidate=\"novalidate\" data-status=\"init\">\n<fieldset class=\"hidden-fields-container\"><input type=\"hidden\" name=\"_wpcf7\" value=\"1601\" \/><input type=\"hidden\" name=\"_wpcf7_version\" value=\"6.1.5\" \/><input type=\"hidden\" name=\"_wpcf7_locale\" value=\"fr_FR\" \/><input type=\"hidden\" name=\"_wpcf7_unit_tag\" value=\"wpcf7-f1601-o1\" \/><input type=\"hidden\" name=\"_wpcf7_container_post\" value=\"0\" \/><input type=\"hidden\" name=\"_wpcf7_posted_data_hash\" value=\"\" \/>\n<\/fieldset>\n<p><label> Votre nom & pr\u00e9nom<br \/>\n<span class=\"wpcf7-form-control-wrap\" data-name=\"your-name\"><input size=\"40\" maxlength=\"400\" class=\"wpcf7-form-control wpcf7-text wpcf7-validates-as-required\" autocomplete=\"name\" aria-required=\"true\" aria-invalid=\"false\" value=\"\" type=\"text\" name=\"your-name\" \/><\/span> <\/label>\n<\/p>\n<p><label> Votre e-mail<br \/>\n<span class=\"wpcf7-form-control-wrap\" data-name=\"your-email\"><input size=\"40\" maxlength=\"400\" class=\"wpcf7-form-control wpcf7-email wpcf7-validates-as-required wpcf7-text wpcf7-validates-as-email\" autocomplete=\"email\" aria-required=\"true\" aria-invalid=\"false\" value=\"\" type=\"email\" name=\"your-email\" \/><\/span> <\/label>\n<\/p>\n<p><label> Date \u00e9v\u00e9nement<br \/>\n<span class=\"wpcf7-form-control-wrap\" data-name=\"text-570\"><input size=\"40\" maxlength=\"400\" class=\"wpcf7-form-control wpcf7-text\" aria-invalid=\"false\" value=\"\" type=\"text\" name=\"text-570\" \/><\/span> <\/label>\n<\/p>\n<p><label> Type d'activit\u00e9<br \/>\n<span class=\"wpcf7-form-control-wrap\" data-name=\"menu-308\"><select class=\"wpcf7-form-control wpcf7-select\" aria-invalid=\"false\" multiple=\"multiple\" name=\"menu-308[]\"><option value=\"Exp\u00e9riences privatis\u00e9es\">Exp\u00e9riences privatis\u00e9es<\/option><option value=\"Exp\u00e9riences nautiques\">Exp\u00e9riences nautiques<\/option><option value=\"Team building et s\u00e9minaire\">Team building et s\u00e9minaire<\/option><option value=\"Excursions touristiques\">Excursions touristiques<\/option><option value=\"Exp\u00e9riences culinaires\">Exp\u00e9riences culinaires<\/option><option value=\"Autre\">Autre<\/option><\/select><\/span> <\/label>\n<\/p>\n<p><label> Votre message (facultatif)<br \/>\n<span class=\"wpcf7-form-control-wrap\" data-name=\"your-message\"><textarea cols=\"40\" rows=\"10\" maxlength=\"2000\" class=\"wpcf7-form-control wpcf7-textarea\" aria-invalid=\"false\" name=\"your-message\"><\/textarea><\/span> <\/label>\n<\/p>\n<p><input class=\"wpcf7-form-control wpcf7-submit has-spinner\" type=\"submit\" value=\"Envoyer\" \/>\n<\/p><p style=\"display: none !important;\" class=\"akismet-fields-container\" data-prefix=\"_wpcf7_ak_\"><label>&#916;<textarea name=\"_wpcf7_ak_hp_textarea\" cols=\"45\" rows=\"8\" maxlength=\"100\"><\/textarea><\/label><input type=\"hidden\" id=\"ak_js_1\" name=\"_wpcf7_ak_js\" value=\"180\"\/><script>document.getElementById( \"ak_js_1\" ).setAttribute( \"value\", ( new Date() ).getTime() );<\/script><\/p><div class=\"wpcf7-response-output\" aria-hidden=\"true\"><\/div>\n<\/form>\n<\/div>\n[\/vc_column_inner][vc_column_inner width=&#8221;1\/6&#8243;][\/vc_column_inner][\/vc_row_inner][vc_empty_space height=&#8221;0.714rem&#8221; alter_height=&#8221;none&#8221; hide_on_mobile=&#8221;&#8221;][vc_empty_space height=&#8221;&#8221; alter_height=&#8221;huge&#8221; hide_on_mobile=&#8221;&#8221;][\/vc_column][\/vc_row][vc_row][vc_column][vc_raw_html]JTVCaW5zdGFncmFtLWZlZWQlMjBmZWVkJTNENCU1RA==[\/vc_raw_html][\/vc_column][\/vc_row]<\/p>\n<\/div>","protected":false},"excerpt":{"rendered":"<p>[vc_row full_width=&#8221;stretch_row&#8221; css=&#8221;.vc_custom_1706954899620{margin-top: 25px !important;background-color: #faf8f5 !important;}&#8221;][vc_column][vc_empty_space hide_on_mobile=&#8221;&#8221;][vc_row_inner][vc_column_inner width=&#8221;1\/6&#8243;][\/vc_column_inner][vc_column_inner width=&#8221;2\/3&#8243;][vc_column_text] For any questions or to request a quote for event organization, please do not hesitate to contact us. You can reach us in the following way: By Phone : +33(0)6 67 24 04 65 By Email : contact@rivevents.com Contact Form: : Fill out the form below, and our event organization&hellip;<\/p>\n","protected":false},"author":1,"featured_media":0,"parent":0,"menu_order":0,"comment_status":"closed","ping_status":"closed","template":"","meta":{"inline_featured_image":false,"footnotes":""},"class_list":["post-1792","page","type-page","status-publish","hentry"],"yoast_head":"<!-- This site is optimized with the Yoast SEO plugin v27.4 - https:\/\/yoast.com\/product\/yoast-seo-wordpress\/ -->\n<title>Request a Quote \u2013 RIV Events French Riviera<\/title>\n<meta name=\"description\" content=\"Request a Quote : Fill out our form to receive a tailored quote. RIV Events helps you create a fully personalized event.\" \/>\n<meta name=\"robots\" content=\"index, follow, max-snippet:-1, max-image-preview:large, max-video-preview:-1\" \/>\n<link rel=\"canonical\" href=\"https:\/\/rivevents.com\/en\/quote\/\" \/>\n<meta property=\"og:locale\" content=\"en_US\" \/>\n<meta property=\"og:type\" content=\"article\" \/>\n<meta property=\"og:title\" content=\"Request a Quote \u2013 RIV Events French Riviera\" \/>\n<meta property=\"og:description\" content=\"Request a Quote : Fill out our form to receive a tailored quote. RIV Events helps you create a fully personalized event.\" \/>\n<meta property=\"og:url\" content=\"https:\/\/rivevents.com\/en\/quote\/\" \/>\n<meta property=\"og:site_name\" content=\"RIV Events \u2013 Conciergerie de Luxe &amp; \u00c9v\u00e9nements\" \/>\n<meta property=\"article:modified_time\" content=\"2025-07-28T06:08:37+00:00\" \/>\n<meta property=\"og:image\" content=\"https:\/\/rivevents.com\/wp-content\/uploads\/2024\/04\/Capture-decran-2024-04-18-a-19.00.20.png\" \/>\n\t<meta property=\"og:image:width\" content=\"1480\" \/>\n\t<meta property=\"og:image:height\" content=\"906\" \/>\n\t<meta property=\"og:image:type\" content=\"image\/png\" \/>\n<meta name=\"twitter:card\" content=\"summary_large_image\" \/>\n<meta name=\"twitter:label1\" content=\"Est. reading time\" \/>\n\t<meta name=\"twitter:data1\" content=\"1 minute\" \/>\n<script type=\"application\/ld+json\" class=\"yoast-schema-graph\">{\"@context\":\"https:\\\/\\\/schema.org\",\"@graph\":[{\"@type\":\"WebPage\",\"@id\":\"https:\\\/\\\/rivevents.com\\\/en\\\/quote\\\/\",\"url\":\"https:\\\/\\\/rivevents.com\\\/en\\\/quote\\\/\",\"name\":\"Request a Quote \u2013 RIV Events French Riviera\",\"isPartOf\":{\"@id\":\"https:\\\/\\\/rivevents.com\\\/#website\"},\"datePublished\":\"2024-02-03T10:06:14+00:00\",\"dateModified\":\"2025-07-28T06:08:37+00:00\",\"description\":\"Request a Quote : Fill out our form to receive a tailored quote. RIV Events helps you create a fully personalized event.\",\"breadcrumb\":{\"@id\":\"https:\\\/\\\/rivevents.com\\\/en\\\/quote\\\/#breadcrumb\"},\"inLanguage\":\"en-US\",\"potentialAction\":[{\"@type\":\"ReadAction\",\"target\":[\"https:\\\/\\\/rivevents.com\\\/en\\\/quote\\\/\"]}]},{\"@type\":\"BreadcrumbList\",\"@id\":\"https:\\\/\\\/rivevents.com\\\/en\\\/quote\\\/#breadcrumb\",\"itemListElement\":[{\"@type\":\"ListItem\",\"position\":1,\"name\":\"Accueil\",\"item\":\"https:\\\/\\\/rivevents.com\\\/en\\\/\"},{\"@type\":\"ListItem\",\"position\":2,\"name\":\"Quote Request\"}]},{\"@type\":\"WebSite\",\"@id\":\"https:\\\/\\\/rivevents.com\\\/#website\",\"url\":\"https:\\\/\\\/rivevents.com\\\/\",\"name\":\"RIV EVENTS\",\"description\":\"RIV EVENTS est une agence de conciergerie \u00e9v\u00e9nementielle sur la C\u00f4te d&#039;Azur, sp\u00e9cialis\u00e9e dans la cr\u00e9ation d&#039;exp\u00e9riences exclusives et raffin\u00e9es.\",\"publisher\":{\"@id\":\"https:\\\/\\\/rivevents.com\\\/#organization\"},\"potentialAction\":[{\"@type\":\"SearchAction\",\"target\":{\"@type\":\"EntryPoint\",\"urlTemplate\":\"https:\\\/\\\/rivevents.com\\\/?s={search_term_string}\"},\"query-input\":{\"@type\":\"PropertyValueSpecification\",\"valueRequired\":true,\"valueName\":\"search_term_string\"}}],\"inLanguage\":\"en-US\"},{\"@type\":\"Organization\",\"@id\":\"https:\\\/\\\/rivevents.com\\\/#organization\",\"name\":\"RIV EVENTS\",\"url\":\"https:\\\/\\\/rivevents.com\\\/\",\"logo\":{\"@type\":\"ImageObject\",\"inLanguage\":\"en-US\",\"@id\":\"https:\\\/\\\/rivevents.com\\\/#\\\/schema\\\/logo\\\/image\\\/\",\"url\":\"https:\\\/\\\/rivevents.com\\\/wp-content\\\/uploads\\\/2025\\\/03\\\/LOGO-RIV-EVENTS.png\",\"contentUrl\":\"https:\\\/\\\/rivevents.com\\\/wp-content\\\/uploads\\\/2025\\\/03\\\/LOGO-RIV-EVENTS.png\",\"width\":500,\"height\":500,\"caption\":\"RIV EVENTS\"},\"image\":{\"@id\":\"https:\\\/\\\/rivevents.com\\\/#\\\/schema\\\/logo\\\/image\\\/\"}}]}<\/script>\n<!-- \/ Yoast SEO plugin. -->","yoast_head_json":{"title":"Request a Quote \u2013 RIV Events French Riviera","description":"Request a Quote : Fill out our form to receive a tailored quote. RIV Events helps you create a fully personalized event.","robots":{"index":"index","follow":"follow","max-snippet":"max-snippet:-1","max-image-preview":"max-image-preview:large","max-video-preview":"max-video-preview:-1"},"canonical":"https:\/\/rivevents.com\/en\/quote\/","og_locale":"en_US","og_type":"article","og_title":"Request a Quote \u2013 RIV Events French Riviera","og_description":"Request a Quote : Fill out our form to receive a tailored quote. RIV Events helps you create a fully personalized event.","og_url":"https:\/\/rivevents.com\/en\/quote\/","og_site_name":"RIV Events \u2013 Conciergerie de Luxe &amp; \u00c9v\u00e9nements","article_modified_time":"2025-07-28T06:08:37+00:00","og_image":[{"width":1480,"height":906,"url":"https:\/\/rivevents.com\/wp-content\/uploads\/2024\/04\/Capture-decran-2024-04-18-a-19.00.20.png","type":"image\/png"}],"twitter_card":"summary_large_image","twitter_misc":{"Est. reading time":"1 minute"},"schema":{"@context":"https:\/\/schema.org","@graph":[{"@type":"WebPage","@id":"https:\/\/rivevents.com\/en\/quote\/","url":"https:\/\/rivevents.com\/en\/quote\/","name":"Request a Quote \u2013 RIV Events French Riviera","isPartOf":{"@id":"https:\/\/rivevents.com\/#website"},"datePublished":"2024-02-03T10:06:14+00:00","dateModified":"2025-07-28T06:08:37+00:00","description":"Request a Quote : Fill out our form to receive a tailored quote. RIV Events helps you create a fully personalized event.","breadcrumb":{"@id":"https:\/\/rivevents.com\/en\/quote\/#breadcrumb"},"inLanguage":"en-US","potentialAction":[{"@type":"ReadAction","target":["https:\/\/rivevents.com\/en\/quote\/"]}]},{"@type":"BreadcrumbList","@id":"https:\/\/rivevents.com\/en\/quote\/#breadcrumb","itemListElement":[{"@type":"ListItem","position":1,"name":"Accueil","item":"https:\/\/rivevents.com\/en\/"},{"@type":"ListItem","position":2,"name":"Quote Request"}]},{"@type":"WebSite","@id":"https:\/\/rivevents.com\/#website","url":"https:\/\/rivevents.com\/","name":"RIV EVENTS","description":"RIV EVENTS est une agence de conciergerie \u00e9v\u00e9nementielle sur la C\u00f4te d&#039;Azur, sp\u00e9cialis\u00e9e dans la cr\u00e9ation d&#039;exp\u00e9riences exclusives et raffin\u00e9es.","publisher":{"@id":"https:\/\/rivevents.com\/#organization"},"potentialAction":[{"@type":"SearchAction","target":{"@type":"EntryPoint","urlTemplate":"https:\/\/rivevents.com\/?s={search_term_string}"},"query-input":{"@type":"PropertyValueSpecification","valueRequired":true,"valueName":"search_term_string"}}],"inLanguage":"en-US"},{"@type":"Organization","@id":"https:\/\/rivevents.com\/#organization","name":"RIV EVENTS","url":"https:\/\/rivevents.com\/","logo":{"@type":"ImageObject","inLanguage":"en-US","@id":"https:\/\/rivevents.com\/#\/schema\/logo\/image\/","url":"https:\/\/rivevents.com\/wp-content\/uploads\/2025\/03\/LOGO-RIV-EVENTS.png","contentUrl":"https:\/\/rivevents.com\/wp-content\/uploads\/2025\/03\/LOGO-RIV-EVENTS.png","width":500,"height":500,"caption":"RIV EVENTS"},"image":{"@id":"https:\/\/rivevents.com\/#\/schema\/logo\/image\/"}}]}},"_links":{"self":[{"href":"https:\/\/rivevents.com\/en\/wp-json\/wp\/v2\/pages\/1792","targetHints":{"allow":["GET"]}}],"collection":[{"href":"https:\/\/rivevents.com\/en\/wp-json\/wp\/v2\/pages"}],"about":[{"href":"https:\/\/rivevents.com\/en\/wp-json\/wp\/v2\/types\/page"}],"author":[{"embeddable":true,"href":"https:\/\/rivevents.com\/en\/wp-json\/wp\/v2\/users\/1"}],"replies":[{"embeddable":true,"href":"https:\/\/rivevents.com\/en\/wp-json\/wp\/v2\/comments?post=1792"}],"version-history":[{"count":7,"href":"https:\/\/rivevents.com\/en\/wp-json\/wp\/v2\/pages\/1792\/revisions"}],"predecessor-version":[{"id":2270,"href":"https:\/\/rivevents.com\/en\/wp-json\/wp\/v2\/pages\/1792\/revisions\/2270"}],"wp:attachment":[{"href":"https:\/\/rivevents.com\/en\/wp-json\/wp\/v2\/media?parent=1792"}],"curies":[{"name":"wp","href":"https:\/\/api.w.org\/{rel}","templated":true}]}}