{"id":1761,"date":"2017-02-09T15:39:03","date_gmt":"2017-02-09T15:39:03","guid":{"rendered":"https:\/\/rivevents.com\/team-building-seminaires\/"},"modified":"2025-07-28T06:09:05","modified_gmt":"2025-07-28T06:09:05","slug":"team-building-seminaires","status":"publish","type":"page","link":"https:\/\/rivevents.com\/en\/team-building-seminaires\/","title":{"rendered":"Seminars &#038; Team building"},"content":{"rendered":"<div class=\"wpb-content-wrapper\"><p>[vc_row full_width=&#8221;stretch_row&#8221; css=&#8221;.vc_custom_1706952484827{background-color: #faf8f5 !important;}&#8221;][vc_column][vc_empty_space height=&#8221;0.7rem&#8221; alter_height=&#8221;none&#8221; hide_on_mobile=&#8221;&#8221;][vc_empty_space height=&#8221;&#8221; alter_height=&#8221;huge&#8221; hide_on_mobile=&#8221;&#8221;]<div  id=\"sc_promo_1684962351\" \r\n\tclass=\"scheme_dark sc_promo sc_promo_blockquote sc_promo_size_normal sc_promo_no_paddings sc_promo_image_fit sc_promo_image_position_right\"\r\n\t\t><div class=\"sc_promo_image\" style=\"background-image:url(https:\/\/rivevents.com\/wp-content\/uploads\/2024\/02\/GOLF.png);width:55%;right: 0;\"><\/div><blockquote class=\"trx_addons_blockquote_style_1 sc_promo_text sc_align_none\" style=\"width: 45%;float: left;\">[vc_column_text]<\/p>\n<h2><span style=\"color: #caa680;\">Seminars &amp; Team building<\/span><\/h2>\n<p>[\/vc_column_text]<div id=\"sc_title_101900723\"\r\n\t\tclass=\"scheme_dark sc_title sc_title_default small_size  sc_align_left with_line\"><div class=\"sc_item_descr sc_title_descr sc_align_left\">Discover our customized events to enrich your seminars, incentives, and team building. At Riv Events, strengthen teamwork, reward performance, and stimulate innovation. Exceptional experiences for memorable moments!<\/div><\/div><!-- \/.sc_title -->[vc_empty_space height=&#8221;&#8221; alter_height=&#8221;medium&#8221; hide_on_mobile=&#8221;&#8221;]<div id=\"sc_content_76094959\"\r\n\t\tclass=\"sc_content sc_content_default sc_float_center\"><div class=\"sc_content_container\"><div class=\"sc_item_button sc_button_wrap\"><a href=\"#\" id=\"sc_button_1475231118\" class=\"sc_button sc_button_style_2 sc_button_size_normal sc_button_icon_left\"><span class=\"sc_button_text sc_align_right\"><span class=\"sc_button_title\">Contact us<\/span><\/span><!-- \/.sc_button_text --><\/a><!-- \/.sc_button --><\/div><!-- \/.sc_item_button --><\/div><\/div><!-- \/.sc_content --><\/blockquote><!-- \/.sc_promo_text --><\/div><!-- \/.sc_promo -->[vc_empty_space height=&#8221;0.3rem&#8221; alter_height=&#8221;none&#8221; hide_on_mobile=&#8221;&#8221;][vc_empty_space height=&#8221;&#8221; hide_on_mobile=&#8221;&#8221;][\/vc_column][\/vc_row][vc_row css=&#8221;.vc_custom_1706953742057{margin-top: 45px !important;background-color: #faf8f5 !important;}&#8221;][vc_column width=&#8221;1\/6&#8243;][\/vc_column][vc_column width=&#8221;2\/3&#8243;][vc_empty_space alter_height=&#8221;small&#8221; hide_on_mobile=&#8221;&#8221;][vc_column_text]<\/p>\n<h2 style=\"text-align: center;\"><span style=\"color: #caa680;\">List of leisure and sports activities<\/span><\/h2>\n<div class=\"flex-shrink-0 flex flex-col relative items-end\">\n<div class=\"pt-0.5\">\n<div class=\"gizmo-shadow-stroke flex h-6 w-6 items-center justify-center overflow-hidden rounded-full\">\n<div class=\"relative p-1 rounded-sm h-9 w-9 text-white flex items-center justify-center\">At Riv Events, we exceed expectations to deliver exceptional experiences dedicated to incentives and team building on the sublime French Riviera. Immerse yourself in luxury, charm, and adventure while discovering a range of meticulously designed activities to enhance team cohesion and stimulate your team&#8217;s creativity.<\/div>\n<\/div>\n<\/div>\n<\/div>\n<p>[\/vc_column_text][vc_empty_space alter_height=&#8221;small&#8221; hide_on_mobile=&#8221;&#8221;][\/vc_column][vc_column width=&#8221;1\/6&#8243;][\/vc_column][\/vc_row][vc_row css=&#8221;.vc_custom_1706951314797{margin-top: 45px !important;}&#8221;][vc_column width=&#8221;1\/4&#8243;][vc_column_text]<\/p>\n<h3 style=\"text-align: center;\"><span style=\"color: #caa680;\">Natural Adventures<\/span><\/h3>\n<p>[\/vc_column_text][vc_single_image image=&#8221;1682&#8243; img_size=&#8221;full&#8221; alignment=&#8221;center&#8221; onclick=&#8221;link_image&#8221;][vc_column_text][\/vc_column_text]<div class=\"cq-accordion2 \" style=\"width:;\" data-titlecolor=\"#ffffff\" data-titlebg=\"#caa680\" data-titlehoverbg=\"#caa680\" data-titlehovercolor=\"#ffffff\" data-displayfirst=\"\"><dl><dt><a class=\"accordionTitle \" style=\"background-color:#caa680;background-image:url();padding:;color:#ffffff;border-color:;\" href=\"#\"><i class=\"accordion-icon\">+<\/i><span style=\"font-size:;\">Learn more +<\/span><\/a><\/dt><dd class=\"accordionItem accordionItemCollapsed\"><div class=\"accordion-content\" style=\"background-color:;color:#caa680;font-size:;\">Unite your team in the heart of nature with canyoning escapades, mountain hikes, bike rides through vineyards, and outdoor cooking sessions. The French Riviera becomes the ideal playground for memorable adventures and moments of authentic connection.<\/div><\/dd><\/dl><\/div>[\/vc_column][vc_column width=&#8221;1\/4&#8243;][vc_column_text]<\/p>\n<h3 style=\"text-align: center;\"><span style=\"color: #caa680;\">Bursts of Adventure<\/span><\/h3>\n<p>[\/vc_column_text][vc_single_image image=&#8221;1684&#8243; img_size=&#8221;full&#8221; alignment=&#8221;center&#8221; onclick=&#8221;link_image&#8221;]<div class=\"cq-accordion2 \" style=\"width:;\" data-titlecolor=\"#ffffff\" data-titlebg=\"#caa680\" data-titlehoverbg=\"#caa680\" data-titlehovercolor=\"#ffffff\" data-displayfirst=\"\"><dl><dt><a class=\"accordionTitle \" style=\"background-color:#caa680;background-image:url();padding:;color:#ffffff;border-color:;\" href=\"#\"><i class=\"accordion-icon\">+<\/i><span style=\"font-size:;\">Learn more +<\/span><\/a><\/dt><dd class=\"accordionItem accordionItemCollapsed\"><div class=\"accordion-content\" style=\"background-color:;color:#caa680;font-size:;\">Ignite teamwork with jet skiing, paddleboarding, surfing, and sea kayaking activities. The Mediterranean Sea becomes your playground, where adrenaline and collaboration meet the waves.<\/div><\/dd><\/dl><\/div>[\/vc_column][vc_column width=&#8221;1\/4&#8243;][vc_column_text]<\/p>\n<h3 style=\"text-align: center;\"><span style=\"color: #caa680;\">Sport and Relaxation<\/span><\/h3>\n<p>[\/vc_column_text][vc_single_image image=&#8221;1595&#8243; img_size=&#8221;full&#8221; alignment=&#8221;center&#8221; onclick=&#8221;link_image&#8221;]<div class=\"cq-accordion2 \" style=\"width:;\" data-titlecolor=\"#ffffff\" data-titlebg=\"#caa680\" data-titlehoverbg=\"#caa680\" data-titlehovercolor=\"#ffffff\" data-displayfirst=\"\"><dl><dt><a class=\"accordionTitle \" style=\"background-color:#caa680;background-image:url();padding:;color:#ffffff;border-color:;\" href=\"#\"><i class=\"accordion-icon\">+<\/i><span style=\"font-size:;\">Learn more +<\/span><\/a><\/dt><dd class=\"accordionItem accordionItemCollapsed\"><div class=\"accordion-content\" style=\"background-color:;color:#caa680;font-size:;\">Forge strong bonds through various sports competitions, whether tennis, skiing, or stand-up paddleboarding. Riv Events offers activities suitable for all levels, fostering teamwork and collective relaxation.<\/div><\/dd><\/dl><\/div>[\/vc_column][vc_column width=&#8221;1\/4&#8243;][vc_column_text]<\/p>\n<h3 style=\"text-align: center;\"><span style=\"color: #caa680;\">Nautical Elegance<\/span><\/h3>\n<p>[\/vc_column_text][vc_single_image image=&#8221;1672&#8243; img_size=&#8221;full&#8221; alignment=&#8221;center&#8221; onclick=&#8221;link_image&#8221;]<div class=\"cq-accordion2 \" style=\"width:;\" data-titlecolor=\"#ffffff\" data-titlebg=\"#caa680\" data-titlehoverbg=\"#caa680\" data-titlehovercolor=\"#ffffff\" data-displayfirst=\"\"><dl><dt><a class=\"accordionTitle \" style=\"background-color:#caa680;background-image:url();padding:;color:#ffffff;border-color:;\" href=\"#\"><i class=\"accordion-icon\">+<\/i><span style=\"font-size:;\">Learn more +<\/span><\/a><\/dt><dd class=\"accordionItem accordionItemCollapsed\"><div class=\"accordion-content\" style=\"background-color:;color:#caa680;font-size:;\">Sail to success in style aboard our catamarans, helicopters, or yachts. Whether team building sessions on crystal-clear waters or luxurious relaxation moments, discover your team&#8217;s untapped potential with Riv Events.<\/div><\/dd><\/dl><\/div>[\/vc_column][\/vc_row][vc_row css=&#8221;.vc_custom_1706951473218{margin-top: 45px !important;margin-bottom: 45px !important;}&#8221;][vc_column width=&#8221;1\/4&#8243;][vc_column_text]<\/p>\n<h3 style=\"text-align: center;\"><span style=\"color: #caa680;\">Relaxation<\/span><\/h3>\n<p>[\/vc_column_text][vc_single_image image=&#8221;1677&#8243; img_size=&#8221;full&#8221; alignment=&#8221;center&#8221; onclick=&#8221;link_image&#8221;]<div class=\"cq-accordion2 \" style=\"width:;\" data-titlecolor=\"#ffffff\" data-titlebg=\"#caa680\" data-titlehoverbg=\"#caa680\" data-titlehovercolor=\"#ffffff\" data-displayfirst=\"\"><dl><dt><a class=\"accordionTitle \" style=\"background-color:#caa680;background-image:url();padding:;color:#ffffff;border-color:;\" href=\"#\"><i class=\"accordion-icon\">+<\/i><span style=\"font-size:;\">Learn more +<\/span><\/a><\/dt><dd class=\"accordionItem accordionItemCollapsed\"><div class=\"accordion-content\" style=\"background-color:;color:#caa680;font-size:;\"><\/div><\/dd><\/dl><\/div>[\/vc_column][vc_column width=&#8221;1\/4&#8243;][vc_column_text]<\/p>\n<h3 style=\"text-align: center;\"><span style=\"color: #caa680;\">Roll on the Riviera<\/span><\/h3>\n<p>[\/vc_column_text][vc_single_image image=&#8221;1674&#8243; img_size=&#8221;full&#8221; alignment=&#8221;center&#8221; onclick=&#8221;link_image&#8221;]<div class=\"cq-accordion2 \" style=\"width:;\" data-titlecolor=\"#ffffff\" data-titlebg=\"#caa680\" data-titlehoverbg=\"#caa680\" data-titlehovercolor=\"#ffffff\" data-displayfirst=\"\"><dl><dt><a class=\"accordionTitle \" style=\"background-color:#caa680;background-image:url();padding:;color:#ffffff;border-color:;\" href=\"#\"><i class=\"accordion-icon\">+<\/i><span style=\"font-size:;\">Learn more +<\/span><\/a><\/dt><dd class=\"accordionItem accordionItemCollapsed\"><div class=\"accordion-content\" style=\"background-color:;color:#caa680;font-size:;\"><\/p>\n<div class=\"page\" title=\"Page 16\">\n<div class=\"layoutArea\">\n<div class=\"column\">\n<p>Stimulate teamwork by traveling the iconic roads during our vintage car tours, karting sessions, or 2CV rallies. Experience the excitement of speed and discovery in the heart of the French Riviera, forging strong bonds among your team members.<\/p>\n<\/div>\n<\/div>\n<\/div>\n<p><\/div><\/dd><\/dl><\/div>[\/vc_column][vc_column width=&#8221;1\/4&#8243;][vc_column_text]<\/p>\n<h3 style=\"text-align: center;\"><span style=\"color: #caa680;\">Culinary Creativity:<\/span><\/h3>\n<p>[\/vc_column_text][vc_single_image image=&#8221;1593&#8243; img_size=&#8221;full&#8221; alignment=&#8221;center&#8221; onclick=&#8221;link_image&#8221;]<div class=\"cq-accordion2 \" style=\"width:;\" data-titlecolor=\"#ffffff\" data-titlebg=\"#caa680\" data-titlehoverbg=\"#caa680\" data-titlehovercolor=\"#ffffff\" data-displayfirst=\"\"><dl><dt><a class=\"accordionTitle \" style=\"background-color:#caa680;background-image:url();padding:;color:#ffffff;border-color:;\" href=\"#\"><i class=\"accordion-icon\">+<\/i><span style=\"font-size:;\">Learn more +<\/span><\/a><\/dt><dd class=\"accordionItem accordionItemCollapsed\"><div class=\"accordion-content\" style=\"background-color:;color:#caa680;font-size:;\">Encourage innovation and collaboration during our outdoor cooking workshops. Creating delicious dishes with local ingredients becomes a savory metaphor for cooperation and diversity within your team.<\/div><\/dd><\/dl><\/div>[\/vc_column][vc_column width=&#8221;1\/4&#8243;][vc_column_text]<\/p>\n<h3 style=\"text-align: center;\"><span style=\"color: #caa680;\">Shopping<\/span><\/h3>\n<p>[\/vc_column_text][vc_single_image image=&#8221;1679&#8243; img_size=&#8221;full&#8221; alignment=&#8221;center&#8221; onclick=&#8221;link_image&#8221;]<div class=\"cq-accordion2 \" style=\"width:;\" data-titlecolor=\"#ffffff\" data-titlebg=\"#caa680\" data-titlehoverbg=\"#caa680\" data-titlehovercolor=\"#ffffff\" data-displayfirst=\"\"><dl><dt><a class=\"accordionTitle \" style=\"background-color:#caa680;background-image:url();padding:;color:#ffffff;border-color:;\" href=\"#\"><i class=\"accordion-icon\">+<\/i><span style=\"font-size:;\">Learn more +<\/span><\/a><\/dt><dd class=\"accordionItem accordionItemCollapsed\"><div class=\"accordion-content\" style=\"background-color:;color:#caa680;font-size:;\"><\/div><\/dd><\/dl><\/div>[\/vc_column][\/vc_row][vc_row css=&#8221;.vc_custom_1706952494431{background-color: #faf8f5 !important;}&#8221;][vc_column width=&#8221;1\/6&#8243;][\/vc_column][vc_column width=&#8221;2\/3&#8243;][vc_empty_space alter_height=&#8221;small&#8221; hide_on_mobile=&#8221;&#8221;][vc_column_text]At Riv Events, every moment becomes a celebration of your team&#8217;s success on the French Riviera. Let us be the architects of your incentives and team-building program, creating a customized experience that will be etched in your team&#8217;s memories forever.<\/p>\n<p>Riv Events &#8211; Where every moment becomes an opportunity to strengthen your team on the splendid C\u00f4te d&#8217;Azur.[\/vc_column_text][vc_empty_space alter_height=&#8221;small&#8221; hide_on_mobile=&#8221;&#8221;][\/vc_column][vc_column width=&#8221;1\/6&#8243;][\/vc_column][\/vc_row][vc_row][vc_column width=&#8221;1\/2&#8243;][vc_empty_space height=&#8221;&#8221; hide_on_mobile=&#8221;&#8221;][vc_empty_space height=&#8221;&#8221; alter_height=&#8221;medium&#8221; hide_on_mobile=&#8221;&#8221;]<div id=\"sc_title_1755990535\"\r\n\t\tclass=\"sc_title sc_title_default small_size  sc_align_left \"><h3 class=\"sc_item_title sc_title_title sc_align_left sc_item_title_style_default small_size\">A question ? A project ?<\/h3><div class=\"sc_item_descr sc_title_descr sc_align_left\">Let's bring your projects to life together!<\/div><\/div><!-- \/.sc_title -->[vc_empty_space height=&#8221;0.3rem&#8221; alter_height=&#8221;none&#8221; hide_on_mobile=&#8221;1&#8243;][vc_empty_space height=&#8221;&#8221; alter_height=&#8221;medium&#8221; hide_on_mobile=&#8221;&#8221;][\/vc_column][vc_column width=&#8221;1\/2&#8243;][vc_empty_space height=&#8221;0.8rem&#8221; alter_height=&#8221;none&#8221; hide_on_mobile=&#8221;1&#8243;][vc_empty_space height=&#8221;&#8221; alter_height=&#8221;medium&#8221; hide_on_mobile=&#8221;1&#8243;][vc_row_inner][vc_column_inner offset=&#8221;vc_col-lg-offset-4 vc_col-lg-8 vc_col-md-offset-3 vc_col-md-9&#8243;]<div class=\"sc_item_button sc_button_wrap\"><a href=\"https:\/\/rivevents.com\/en\/contacts\/\" id=\"sc_button_505056004\" class=\"sc_button sc_button_style_2 sc_button_size_normal sc_button_icon_top\"><span class=\"sc_button_text\"><span class=\"sc_button_title\">Contact us<\/span><\/span><!-- \/.sc_button_text --><\/a><!-- \/.sc_button --><\/div><!-- \/.sc_item_button -->[\/vc_column_inner][\/vc_row_inner][vc_empty_space height=&#8221;&#8221; alter_height=&#8221;medium&#8221; hide_on_mobile=&#8221;&#8221;][\/vc_column][\/vc_row][vc_row full_width=&#8221;stretch_row&#8221; equal_height=&#8221;yes&#8221; content_placement=&#8221;middle&#8221; scheme=&#8221;dark&#8221; css=&#8221;.vc_custom_1489499279939{background-color: #22222e !important;}&#8221;][vc_column width=&#8221;1\/3&#8243;][vc_empty_space height=&#8221;&#8221; alter_height=&#8221;small&#8221; hide_on_mobile=&#8221;&#8221;][vc_row_inner][vc_column_inner offset=&#8221;vc_col-md-11&#8243;]<div id=\"sc_title_14219493\"\r\n\t\tclass=\"sc_title sc_title_default small_size  sc_align_center \"><h3 class=\"sc_item_title sc_title_title sc_align_center sc_item_title_style_default small_size sc_item_title_tag\">Subscribe to the Newsletter<\/h3><\/div><!-- \/.sc_title -->[\/vc_column_inner][\/vc_row_inner][vc_empty_space height=&#8221;&#8221; alter_height=&#8221;small&#8221; hide_on_mobile=&#8221;1&#8243;][\/vc_column][vc_column width=&#8221;1\/3&#8243;][vc_empty_space height=&#8221;0.9rem&#8221; alter_height=&#8221;none&#8221; hide_on_mobile=&#8221;1&#8243;][vc_empty_space height=&#8221;&#8221; alter_height=&#8221;medium&#8221; hide_on_mobile=&#8221;&#8221;][vc_row_inner][vc_column_inner width=&#8221;5\/6&#8243; offset=&#8221;vc_col-md-10 vc_col-xs-12&#8243;][vc_column_text]<\/p>\n<p style=\"text-align: center;\">Enter your email, and we will keep you updated with the latest news.<\/p>\n<p>[\/vc_column_text][\/vc_column_inner][\/vc_row_inner][vc_empty_space height=&#8221;4.3rem&#8221; alter_height=&#8221;none&#8221; hide_on_mobile=&#8221;1&#8243;][\/vc_column][vc_column width=&#8221;1\/3&#8243;][vc_empty_space height=&#8221;1.15rem&#8221; alter_height=&#8221;none&#8221; hide_on_mobile=&#8221;1&#8243;][vc_empty_space height=&#8221;&#8221; alter_height=&#8221;medium&#8221; hide_on_mobile=&#8221;&#8221;][vc_column_text][\/vc_column_text][vc_empty_space height=&#8221;&#8221; alter_height=&#8221;medium&#8221; hide_on_mobile=&#8221;&#8221;][\/vc_column][\/vc_row][vc_row][vc_column][vc_raw_html]JTVCaW5zdGFncmFtLWZlZWQlMjBmZWVkJTNENCU1RA==[\/vc_raw_html][\/vc_column][\/vc_row]<\/p>\n<\/div>","protected":false},"excerpt":{"rendered":"<p>[vc_row full_width=&#8221;stretch_row&#8221; css=&#8221;.vc_custom_1706952484827{background-color: #faf8f5 !important;}&#8221;][vc_column][vc_empty_space height=&#8221;0.7rem&#8221; alter_height=&#8221;none&#8221; hide_on_mobile=&#8221;&#8221;][vc_empty_space height=&#8221;&#8221; alter_height=&#8221;huge&#8221; hide_on_mobile=&#8221;&#8221;][vc_empty_space height=&#8221;0.3rem&#8221; alter_height=&#8221;none&#8221; hide_on_mobile=&#8221;&#8221;][vc_empty_space height=&#8221;&#8221; hide_on_mobile=&#8221;&#8221;][\/vc_column][\/vc_row][vc_row css=&#8221;.vc_custom_1706953742057{margin-top: 45px !important;background-color: #faf8f5 !important;}&#8221;][vc_column width=&#8221;1\/6&#8243;][\/vc_column][vc_column width=&#8221;2\/3&#8243;][vc_empty_space alter_height=&#8221;small&#8221; hide_on_mobile=&#8221;&#8221;][vc_column_text] List of leisure and sports activities At Riv Events, we exceed expectations to deliver exceptional experiences dedicated to incentives and team building on the sublime French Riviera. Immerse yourself in luxury, charm, and adventure while&hellip;<\/p>\n","protected":false},"author":1,"featured_media":0,"parent":0,"menu_order":0,"comment_status":"closed","ping_status":"closed","template":"","meta":{"inline_featured_image":false,"footnotes":""},"class_list":["post-1761","page","type-page","status-publish","hentry"],"yoast_head":"<!-- This site is optimized with the Yoast SEO plugin v27.4 - https:\/\/yoast.com\/product\/yoast-seo-wordpress\/ -->\n<title>Team Building &amp; Seminars \u2013 RIV Events<\/title>\n<meta name=\"description\" content=\"Plan your seminar or team building event on the C\u00f4te d\u2019Azur with RIV Events : exclusive venues and services\" \/>\n<meta name=\"robots\" content=\"index, follow, max-snippet:-1, max-image-preview:large, max-video-preview:-1\" \/>\n<link rel=\"canonical\" href=\"https:\/\/rivevents.com\/en\/team-building-seminaires\/\" \/>\n<meta property=\"og:locale\" content=\"en_US\" \/>\n<meta property=\"og:type\" content=\"article\" \/>\n<meta property=\"og:title\" content=\"Team Building &amp; Seminars \u2013 RIV Events\" \/>\n<meta property=\"og:description\" content=\"Plan your seminar or team building event on the C\u00f4te d\u2019Azur with RIV Events : exclusive venues and services\" \/>\n<meta property=\"og:url\" content=\"https:\/\/rivevents.com\/en\/team-building-seminaires\/\" \/>\n<meta property=\"og:site_name\" content=\"RIV Events \u2013 Conciergerie de Luxe &amp; \u00c9v\u00e9nements\" \/>\n<meta property=\"article:modified_time\" content=\"2025-07-28T06:09:05+00:00\" \/>\n<meta property=\"og:image\" content=\"https:\/\/rivevents.com\/wp-content\/uploads\/2024\/04\/Capture-decran-2024-04-18-a-19.00.20.png\" \/>\n\t<meta property=\"og:image:width\" content=\"1480\" \/>\n\t<meta property=\"og:image:height\" content=\"906\" \/>\n\t<meta property=\"og:image:type\" content=\"image\/png\" \/>\n<meta name=\"twitter:card\" content=\"summary_large_image\" \/>\n<meta name=\"twitter:label1\" content=\"Est. reading time\" \/>\n\t<meta name=\"twitter:data1\" content=\"6 minutes\" \/>\n<script type=\"application\/ld+json\" class=\"yoast-schema-graph\">{\"@context\":\"https:\\\/\\\/schema.org\",\"@graph\":[{\"@type\":\"WebPage\",\"@id\":\"https:\\\/\\\/rivevents.com\\\/en\\\/team-building-seminaires\\\/\",\"url\":\"https:\\\/\\\/rivevents.com\\\/en\\\/team-building-seminaires\\\/\",\"name\":\"Team Building & Seminars \u2013 RIV Events\",\"isPartOf\":{\"@id\":\"https:\\\/\\\/rivevents.com\\\/#website\"},\"datePublished\":\"2017-02-09T15:39:03+00:00\",\"dateModified\":\"2025-07-28T06:09:05+00:00\",\"description\":\"Plan your seminar or team building event on the C\u00f4te d\u2019Azur with RIV Events : exclusive venues and services\",\"breadcrumb\":{\"@id\":\"https:\\\/\\\/rivevents.com\\\/en\\\/team-building-seminaires\\\/#breadcrumb\"},\"inLanguage\":\"en-US\",\"potentialAction\":[{\"@type\":\"ReadAction\",\"target\":[\"https:\\\/\\\/rivevents.com\\\/en\\\/team-building-seminaires\\\/\"]}]},{\"@type\":\"BreadcrumbList\",\"@id\":\"https:\\\/\\\/rivevents.com\\\/en\\\/team-building-seminaires\\\/#breadcrumb\",\"itemListElement\":[{\"@type\":\"ListItem\",\"position\":1,\"name\":\"Accueil\",\"item\":\"https:\\\/\\\/rivevents.com\\\/en\\\/\"},{\"@type\":\"ListItem\",\"position\":2,\"name\":\"Seminars &#038; Team building\"}]},{\"@type\":\"WebSite\",\"@id\":\"https:\\\/\\\/rivevents.com\\\/#website\",\"url\":\"https:\\\/\\\/rivevents.com\\\/\",\"name\":\"RIV EVENTS\",\"description\":\"RIV EVENTS est une agence de conciergerie \u00e9v\u00e9nementielle sur la C\u00f4te d&#039;Azur, sp\u00e9cialis\u00e9e dans la cr\u00e9ation d&#039;exp\u00e9riences exclusives et raffin\u00e9es.\",\"publisher\":{\"@id\":\"https:\\\/\\\/rivevents.com\\\/#organization\"},\"potentialAction\":[{\"@type\":\"SearchAction\",\"target\":{\"@type\":\"EntryPoint\",\"urlTemplate\":\"https:\\\/\\\/rivevents.com\\\/?s={search_term_string}\"},\"query-input\":{\"@type\":\"PropertyValueSpecification\",\"valueRequired\":true,\"valueName\":\"search_term_string\"}}],\"inLanguage\":\"en-US\"},{\"@type\":\"Organization\",\"@id\":\"https:\\\/\\\/rivevents.com\\\/#organization\",\"name\":\"RIV EVENTS\",\"url\":\"https:\\\/\\\/rivevents.com\\\/\",\"logo\":{\"@type\":\"ImageObject\",\"inLanguage\":\"en-US\",\"@id\":\"https:\\\/\\\/rivevents.com\\\/#\\\/schema\\\/logo\\\/image\\\/\",\"url\":\"https:\\\/\\\/rivevents.com\\\/wp-content\\\/uploads\\\/2025\\\/03\\\/LOGO-RIV-EVENTS.png\",\"contentUrl\":\"https:\\\/\\\/rivevents.com\\\/wp-content\\\/uploads\\\/2025\\\/03\\\/LOGO-RIV-EVENTS.png\",\"width\":500,\"height\":500,\"caption\":\"RIV EVENTS\"},\"image\":{\"@id\":\"https:\\\/\\\/rivevents.com\\\/#\\\/schema\\\/logo\\\/image\\\/\"}}]}<\/script>\n<!-- \/ Yoast SEO plugin. -->","yoast_head_json":{"title":"Team Building & Seminars \u2013 RIV Events","description":"Plan your seminar or team building event on the C\u00f4te d\u2019Azur with RIV Events : exclusive venues and services","robots":{"index":"index","follow":"follow","max-snippet":"max-snippet:-1","max-image-preview":"max-image-preview:large","max-video-preview":"max-video-preview:-1"},"canonical":"https:\/\/rivevents.com\/en\/team-building-seminaires\/","og_locale":"en_US","og_type":"article","og_title":"Team Building & Seminars \u2013 RIV Events","og_description":"Plan your seminar or team building event on the C\u00f4te d\u2019Azur with RIV Events : exclusive venues and services","og_url":"https:\/\/rivevents.com\/en\/team-building-seminaires\/","og_site_name":"RIV Events \u2013 Conciergerie de Luxe &amp; \u00c9v\u00e9nements","article_modified_time":"2025-07-28T06:09:05+00:00","og_image":[{"width":1480,"height":906,"url":"https:\/\/rivevents.com\/wp-content\/uploads\/2024\/04\/Capture-decran-2024-04-18-a-19.00.20.png","type":"image\/png"}],"twitter_card":"summary_large_image","twitter_misc":{"Est. reading time":"6 minutes"},"schema":{"@context":"https:\/\/schema.org","@graph":[{"@type":"WebPage","@id":"https:\/\/rivevents.com\/en\/team-building-seminaires\/","url":"https:\/\/rivevents.com\/en\/team-building-seminaires\/","name":"Team Building & Seminars \u2013 RIV Events","isPartOf":{"@id":"https:\/\/rivevents.com\/#website"},"datePublished":"2017-02-09T15:39:03+00:00","dateModified":"2025-07-28T06:09:05+00:00","description":"Plan your seminar or team building event on the C\u00f4te d\u2019Azur with RIV Events : exclusive venues and services","breadcrumb":{"@id":"https:\/\/rivevents.com\/en\/team-building-seminaires\/#breadcrumb"},"inLanguage":"en-US","potentialAction":[{"@type":"ReadAction","target":["https:\/\/rivevents.com\/en\/team-building-seminaires\/"]}]},{"@type":"BreadcrumbList","@id":"https:\/\/rivevents.com\/en\/team-building-seminaires\/#breadcrumb","itemListElement":[{"@type":"ListItem","position":1,"name":"Accueil","item":"https:\/\/rivevents.com\/en\/"},{"@type":"ListItem","position":2,"name":"Seminars &#038; Team building"}]},{"@type":"WebSite","@id":"https:\/\/rivevents.com\/#website","url":"https:\/\/rivevents.com\/","name":"RIV EVENTS","description":"RIV EVENTS est une agence de conciergerie \u00e9v\u00e9nementielle sur la C\u00f4te d&#039;Azur, sp\u00e9cialis\u00e9e dans la cr\u00e9ation d&#039;exp\u00e9riences exclusives et raffin\u00e9es.","publisher":{"@id":"https:\/\/rivevents.com\/#organization"},"potentialAction":[{"@type":"SearchAction","target":{"@type":"EntryPoint","urlTemplate":"https:\/\/rivevents.com\/?s={search_term_string}"},"query-input":{"@type":"PropertyValueSpecification","valueRequired":true,"valueName":"search_term_string"}}],"inLanguage":"en-US"},{"@type":"Organization","@id":"https:\/\/rivevents.com\/#organization","name":"RIV EVENTS","url":"https:\/\/rivevents.com\/","logo":{"@type":"ImageObject","inLanguage":"en-US","@id":"https:\/\/rivevents.com\/#\/schema\/logo\/image\/","url":"https:\/\/rivevents.com\/wp-content\/uploads\/2025\/03\/LOGO-RIV-EVENTS.png","contentUrl":"https:\/\/rivevents.com\/wp-content\/uploads\/2025\/03\/LOGO-RIV-EVENTS.png","width":500,"height":500,"caption":"RIV EVENTS"},"image":{"@id":"https:\/\/rivevents.com\/#\/schema\/logo\/image\/"}}]}},"_links":{"self":[{"href":"https:\/\/rivevents.com\/en\/wp-json\/wp\/v2\/pages\/1761","targetHints":{"allow":["GET"]}}],"collection":[{"href":"https:\/\/rivevents.com\/en\/wp-json\/wp\/v2\/pages"}],"about":[{"href":"https:\/\/rivevents.com\/en\/wp-json\/wp\/v2\/types\/page"}],"author":[{"embeddable":true,"href":"https:\/\/rivevents.com\/en\/wp-json\/wp\/v2\/users\/1"}],"replies":[{"embeddable":true,"href":"https:\/\/rivevents.com\/en\/wp-json\/wp\/v2\/comments?post=1761"}],"version-history":[{"count":5,"href":"https:\/\/rivevents.com\/en\/wp-json\/wp\/v2\/pages\/1761\/revisions"}],"predecessor-version":[{"id":2271,"href":"https:\/\/rivevents.com\/en\/wp-json\/wp\/v2\/pages\/1761\/revisions\/2271"}],"wp:attachment":[{"href":"https:\/\/rivevents.com\/en\/wp-json\/wp\/v2\/media?parent=1761"}],"curies":[{"name":"wp","href":"https:\/\/api.w.org\/{rel}","templated":true}]}}