{"id":1758,"date":"2017-02-10T10:49:37","date_gmt":"2017-02-10T10:49:37","guid":{"rendered":"https:\/\/rivevents.com\/?page_id=1758"},"modified":"2025-07-28T06:09:36","modified_gmt":"2025-07-28T06:09:36","slug":"nautical-experiences","status":"publish","type":"page","link":"https:\/\/rivevents.com\/en\/nautical-experiences\/","title":{"rendered":"Nautical Experiences"},"content":{"rendered":"<div class=\"wpb-content-wrapper\"><p>[vc_row full_width=&#8221;stretch_row&#8221; css=&#8221;.vc_custom_1707486363433{padding-top: 50px !important;padding-bottom: 50px !important;background-color: #faf8f5 !important;}&#8221;][vc_column width=&#8221;1\/2&#8243;][vc_column_text]<\/p>\n<h2><span style=\"color: #caa680;\">Nautical Experiences<\/span><\/h2>\n<p>[\/vc_column_text]<div id=\"sc_title_1250188029\"\r\n\t\tclass=\"sc_title sc_title_default  sc_align_left with_line\"><div class=\"sc_item_descr sc_title_descr sc_align_left\">Welcome to RIV EVENTS, your gateway to exceptional nautical experiences. Dive into a world where luxury meets adventure, where our exceptional boats become the setting for exciting days or relaxing cruises.<br \/>\nExplore our high-end fleet, ready to offer you unforgettable moments, whether through exciting water sports or extended cruises. Our dedicated team ensures to customize every detail, guaranteeing exceptional service and a tailored experience.<\/div><\/div><!-- \/.sc_title -->[vc_empty_space height=&#8221;0.3rem&#8221; alter_height=&#8221;none&#8221; hide_on_mobile=&#8221;&#8221;][\/vc_column][vc_column width=&#8221;1\/2&#8243;][vc_single_image image=&#8221;1687&#8243; img_size=&#8221;full&#8221;][\/vc_column][\/vc_row][vc_row css=&#8221;.vc_custom_1707487728230{margin-top: 15px !important;margin-bottom: 40px !important;}&#8221;][vc_column width=&#8221;1\/3&#8243;][vc_empty_space hide_on_mobile=&#8221;&#8221;]<div id=\"sc_title_1385868509\"\r\n\t\tclass=\"sc_title sc_title_default  sc_align_center with_line\"><h2 class=\"sc_item_title sc_title_title sc_align_center sc_item_title_style_default sc_item_title_tag\">Catamaran Charter<\/h2><\/div><!-- \/.sc_title -->[vc_empty_space height=&#8221;42px&#8221; hide_on_mobile=&#8221;&#8221;][vc_empty_space hide_on_mobile=&#8221;&#8221;][vc_empty_space hide_on_mobile=&#8221;&#8221;][vc_single_image image=&#8221;2037&#8243; img_size=&#8221;full&#8221; alignment=&#8221;center&#8221;]<div class=\"cq-accordion2 \" style=\"width:;\" data-titlecolor=\"#ffffff\" data-titlebg=\"#caa680\" data-titlehoverbg=\"#caa680\" data-titlehovercolor=\"#ffffff\" data-displayfirst=\"\"><dl><dt><a class=\"accordionTitle \" style=\"background-color:#caa680;background-image:url();padding:;color:#ffffff;border-color:;\" href=\"#\"><i class=\"accordion-icon\">+<\/i><span style=\"font-size:;\">Learn more +<\/span><\/a><\/dt><dd class=\"accordionItem accordionItemCollapsed\"><div class=\"accordion-content\" style=\"background-color:;color:#caa680;font-size:;\"><\/p>\n<p>Experience the extraordinary on our Catamarans in the Mediterranean. Whether hosting 10 or 200 guests, our charter service offers an unforgettable setting for your unique events.<br \/>\nEmbark on a distinctive adventure with us \u2013 whether it&#8217;s a tranquil day, a captivating evening, or a celebratory voyage. We meticulously craft every detail, from curating the itinerary to selecting exquisite culinary delights and arranging for top-tier entertainment. Entrust us with every aspect to ensure that every moment becomes an unforgettable experience for your guests.<\/p>\n<p><\/div><\/dd><\/dl><\/div>[\/vc_column][vc_column width=&#8221;1\/3&#8243;][vc_empty_space hide_on_mobile=&#8221;&#8221;]<div id=\"sc_title_2064400680\"\r\n\t\tclass=\"sc_title sc_title_default  sc_align_center with_line\"><h2 class=\"sc_item_title sc_title_title sc_align_center sc_item_title_style_default sc_item_title_tag\">Yacht Charter<\/h2><\/div><!-- \/.sc_title -->[vc_empty_space height=&#8221;42px&#8221; hide_on_mobile=&#8221;&#8221;][vc_empty_space hide_on_mobile=&#8221;&#8221;][vc_empty_space hide_on_mobile=&#8221;&#8221;][vc_single_image image=&#8221;2082&#8243; img_size=&#8221;1707&#215;1280&#8243; alignment=&#8221;center&#8221;]<div class=\"cq-accordion2 \" style=\"width:;\" data-titlecolor=\"#ffffff\" data-titlebg=\"#caa680\" data-titlehoverbg=\"#caa680\" data-titlehovercolor=\"#ffffff\" data-displayfirst=\"\"><dl><dt><a class=\"accordionTitle \" style=\"background-color:#caa680;background-image:url();padding:;color:#ffffff;border-color:;\" href=\"#\"><i class=\"accordion-icon\">+<\/i><span style=\"font-size:;\">Learn more +<\/span><\/a><\/dt><dd class=\"accordionItem accordionItemCollapsed\"><div class=\"accordion-content\" style=\"background-color:;color:#caa680;font-size:;\"><\/p>\n<p>Elegance at sea with our Yacht Rental service. Choose from our selection of luxurious yachts, perfect for romantic getaways, adventures with friends, or grand events.<br \/>\nDiscover luxury yacht charters along the French Riviera with RIV EVENTS. Experience opulence and tranquility with our top-notch equipment and experienced crew. Whether you&#8217;re celebrating a milestone or seeking exclusive moments at sea, we customize every experience to your desires. Experience elegance redefined with RIV EVENTS.<\/p>\n<p><\/div><\/dd><\/dl><\/div>[\/vc_column][vc_column width=&#8221;1\/3&#8243;][vc_empty_space hide_on_mobile=&#8221;&#8221;]<div id=\"sc_title_591716758\"\r\n\t\tclass=\"sc_title sc_title_default  sc_align_center with_line\"><h2 class=\"sc_item_title sc_title_title sc_align_center sc_item_title_style_default sc_item_title_tag\">Sunset Charters<\/h2><\/div><!-- \/.sc_title -->[vc_empty_space height=&#8221;42px&#8221; hide_on_mobile=&#8221;&#8221;][vc_empty_space hide_on_mobile=&#8221;&#8221;][vc_empty_space hide_on_mobile=&#8221;&#8221;][vc_single_image image=&#8221;2039&#8243; img_size=&#8221;1707&#215;1280&#8243; alignment=&#8221;center&#8221;]<div class=\"cq-accordion2 \" style=\"width:;\" data-titlecolor=\"#ffffff\" data-titlebg=\"#caa680\" data-titlehoverbg=\"#caa680\" data-titlehovercolor=\"#ffffff\" data-displayfirst=\"\"><dl><dt><a class=\"accordionTitle \" style=\"background-color:#caa680;background-image:url();padding:;color:#ffffff;border-color:;\" href=\"#\"><i class=\"accordion-icon\">+<\/i><span style=\"font-size:;\">Learn more +<\/span><\/a><\/dt><dd class=\"accordionItem accordionItemCollapsed\"><div class=\"accordion-content\" style=\"background-color:;color:#caa680;font-size:;\"><\/p>\n<p>Make your evening exceptional with our Yacht Rentals. Craft unique memories during extraordinary events. Whether it&#8217;s a grand party, an intimate gathering, or a night out with friends, our yachts promise a distinct and dazzling experience. With exceptional artists, refined cuisine, and cocktail bar service, every detail is carefully orchestrated for an unparalleled evening.<\/p>\n<p><\/div><\/dd><\/dl><\/div>[\/vc_column][\/vc_row][vc_row full_width=&#8221;stretch_row&#8221; css=&#8221;.vc_custom_1705944209618{background-color: #faf8f5 !important;}&#8221;][vc_column width=&#8221;1\/2&#8243;][vc_empty_space height=&#8221;&#8221; hide_on_mobile=&#8221;&#8221;][vc_empty_space height=&#8221;&#8221; alter_height=&#8221;medium&#8221; hide_on_mobile=&#8221;&#8221;]<div id=\"sc_title_952484384\"\r\n\t\tclass=\"sc_title sc_title_default small_size  sc_align_left \"><h3 class=\"sc_item_title sc_title_title sc_align_left sc_item_title_style_default small_size\">A question ? A project ?<\/h3><div class=\"sc_item_descr sc_title_descr sc_align_left\">Let's bring your projects to life together!<\/div><\/div><!-- \/.sc_title -->[vc_empty_space height=&#8221;0.3rem&#8221; alter_height=&#8221;none&#8221; hide_on_mobile=&#8221;1&#8243;][vc_empty_space height=&#8221;&#8221; alter_height=&#8221;medium&#8221; hide_on_mobile=&#8221;&#8221;][\/vc_column][vc_column width=&#8221;1\/2&#8243;][vc_empty_space height=&#8221;0.8rem&#8221; alter_height=&#8221;none&#8221; hide_on_mobile=&#8221;1&#8243;][vc_empty_space height=&#8221;&#8221; alter_height=&#8221;medium&#8221; hide_on_mobile=&#8221;1&#8243;][vc_row_inner][vc_column_inner offset=&#8221;vc_col-lg-offset-4 vc_col-lg-8 vc_col-md-offset-3 vc_col-md-9&#8243;]<div class=\"sc_item_button sc_button_wrap\"><a href=\"https:\/\/rivevents.com\/en\/contacts\/\" id=\"sc_button_1992252941\" class=\"sc_button sc_button_style_2 sc_button_size_normal sc_button_icon_top\"><span class=\"sc_button_text\"><span class=\"sc_button_title\">Contact us<\/span><\/span><!-- \/.sc_button_text --><\/a><!-- \/.sc_button --><\/div><!-- \/.sc_item_button -->[\/vc_column_inner][\/vc_row_inner][vc_empty_space height=&#8221;&#8221; alter_height=&#8221;medium&#8221; hide_on_mobile=&#8221;&#8221;][\/vc_column][\/vc_row][vc_row full_width=&#8221;stretch_row&#8221; equal_height=&#8221;yes&#8221; content_placement=&#8221;middle&#8221; scheme=&#8221;dark&#8221; css=&#8221;.vc_custom_1489499279939{background-color: #22222e !important;}&#8221;][vc_column width=&#8221;1\/3&#8243;][vc_empty_space height=&#8221;&#8221; alter_height=&#8221;small&#8221; hide_on_mobile=&#8221;&#8221;][vc_row_inner][vc_column_inner offset=&#8221;vc_col-md-11&#8243;]<div id=\"sc_title_1888436209\"\r\n\t\tclass=\"sc_title sc_title_default small_size  sc_align_center \"><h3 class=\"sc_item_title sc_title_title sc_align_center sc_item_title_style_default small_size sc_item_title_tag\">Subscribe to the Newsletter<\/h3><\/div><!-- \/.sc_title -->[\/vc_column_inner][\/vc_row_inner][vc_empty_space height=&#8221;&#8221; alter_height=&#8221;small&#8221; hide_on_mobile=&#8221;1&#8243;][\/vc_column][vc_column width=&#8221;1\/3&#8243;][vc_empty_space height=&#8221;0.9rem&#8221; alter_height=&#8221;none&#8221; hide_on_mobile=&#8221;1&#8243;][vc_empty_space height=&#8221;&#8221; alter_height=&#8221;medium&#8221; hide_on_mobile=&#8221;&#8221;][vc_row_inner][vc_column_inner width=&#8221;5\/6&#8243; offset=&#8221;vc_col-md-10 vc_col-xs-12&#8243;][vc_column_text]<\/p>\n<p style=\"text-align: center;\">Let&#8217;s bring your projects to life together!<\/p>\n<p>&nbsp;<\/p>\n<p>[\/vc_column_text][\/vc_column_inner][\/vc_row_inner][vc_empty_space height=&#8221;4.3rem&#8221; alter_height=&#8221;none&#8221; hide_on_mobile=&#8221;1&#8243;][\/vc_column][vc_column width=&#8221;1\/3&#8243;][vc_empty_space height=&#8221;1.15rem&#8221; alter_height=&#8221;none&#8221; hide_on_mobile=&#8221;1&#8243;][vc_empty_space height=&#8221;&#8221; alter_height=&#8221;medium&#8221; hide_on_mobile=&#8221;&#8221;][vc_column_text][\/vc_column_text][vc_empty_space height=&#8221;&#8221; alter_height=&#8221;medium&#8221; hide_on_mobile=&#8221;&#8221;][\/vc_column][\/vc_row][vc_row][vc_column][vc_raw_html]JTVCaW5zdGFncmFtLWZlZWQlMjBmZWVkJTNENCU1RA==[\/vc_raw_html][\/vc_column][\/vc_row]<\/p>\n<\/div>","protected":false},"excerpt":{"rendered":"<p>[vc_row full_width=&#8221;stretch_row&#8221; css=&#8221;.vc_custom_1707486363433{padding-top: 50px !important;padding-bottom: 50px !important;background-color: #faf8f5 !important;}&#8221;][vc_column width=&#8221;1\/2&#8243;][vc_column_text] Nautical Experiences [\/vc_column_text][vc_empty_space height=&#8221;0.3rem&#8221; alter_height=&#8221;none&#8221; hide_on_mobile=&#8221;&#8221;][\/vc_column][vc_column width=&#8221;1\/2&#8243;][vc_single_image image=&#8221;1687&#8243; img_size=&#8221;full&#8221;][\/vc_column][\/vc_row][vc_row css=&#8221;.vc_custom_1707487728230{margin-top: 15px !important;margin-bottom: 40px !important;}&#8221;][vc_column width=&#8221;1\/3&#8243;][vc_empty_space hide_on_mobile=&#8221;&#8221;][vc_empty_space height=&#8221;42px&#8221; hide_on_mobile=&#8221;&#8221;][vc_empty_space hide_on_mobile=&#8221;&#8221;][vc_empty_space hide_on_mobile=&#8221;&#8221;][vc_single_image image=&#8221;2037&#8243; img_size=&#8221;full&#8221; alignment=&#8221;center&#8221;][\/vc_column][vc_column width=&#8221;1\/3&#8243;][vc_empty_space hide_on_mobile=&#8221;&#8221;][vc_empty_space height=&#8221;42px&#8221; hide_on_mobile=&#8221;&#8221;][vc_empty_space hide_on_mobile=&#8221;&#8221;][vc_empty_space hide_on_mobile=&#8221;&#8221;][vc_single_image image=&#8221;2082&#8243; img_size=&#8221;1707&#215;1280&#8243; alignment=&#8221;center&#8221;][\/vc_column][vc_column width=&#8221;1\/3&#8243;][vc_empty_space hide_on_mobile=&#8221;&#8221;][vc_empty_space height=&#8221;42px&#8221; hide_on_mobile=&#8221;&#8221;][vc_empty_space hide_on_mobile=&#8221;&#8221;][vc_empty_space hide_on_mobile=&#8221;&#8221;][vc_single_image image=&#8221;2039&#8243; img_size=&#8221;1707&#215;1280&#8243; alignment=&#8221;center&#8221;][\/vc_column][\/vc_row][vc_row full_width=&#8221;stretch_row&#8221; css=&#8221;.vc_custom_1705944209618{background-color: #faf8f5 !important;}&#8221;][vc_column width=&#8221;1\/2&#8243;][vc_empty_space height=&#8221;&#8221; hide_on_mobile=&#8221;&#8221;][vc_empty_space height=&#8221;&#8221; alter_height=&#8221;medium&#8221;&hellip;<\/p>\n","protected":false},"author":1,"featured_media":0,"parent":0,"menu_order":0,"comment_status":"closed","ping_status":"closed","template":"","meta":{"inline_featured_image":false,"footnotes":""},"class_list":["post-1758","page","type-page","status-publish","hentry"],"yoast_head":"<!-- This site is optimized with the Yoast SEO plugin v27.4 - https:\/\/yoast.com\/product\/yoast-seo-wordpress\/ -->\n<title>Nautical Experience \u2013 RIV Events<\/title>\n<meta name=\"description\" content=\"Nautical Experience: Discover the French Riviera by sea with our premium cruises and nautical excursions.\" \/>\n<meta name=\"robots\" content=\"index, follow, max-snippet:-1, max-image-preview:large, max-video-preview:-1\" \/>\n<link rel=\"canonical\" href=\"https:\/\/rivevents.com\/en\/nautical-experiences\/\" \/>\n<meta property=\"og:locale\" content=\"en_US\" \/>\n<meta property=\"og:type\" content=\"article\" \/>\n<meta property=\"og:title\" content=\"Nautical Experience \u2013 RIV Events\" \/>\n<meta property=\"og:description\" content=\"Nautical Experience: Discover the French Riviera by sea with our premium cruises and nautical excursions.\" \/>\n<meta property=\"og:url\" content=\"https:\/\/rivevents.com\/en\/nautical-experiences\/\" \/>\n<meta property=\"og:site_name\" content=\"RIV Events \u2013 Conciergerie de Luxe &amp; \u00c9v\u00e9nements\" \/>\n<meta property=\"article:modified_time\" content=\"2025-07-28T06:09:36+00:00\" \/>\n<meta property=\"og:image\" content=\"https:\/\/rivevents.com\/wp-content\/uploads\/2024\/04\/Capture-decran-2024-04-18-a-19.00.20.png\" \/>\n\t<meta property=\"og:image:width\" content=\"1480\" \/>\n\t<meta property=\"og:image:height\" content=\"906\" \/>\n\t<meta property=\"og:image:type\" content=\"image\/png\" \/>\n<meta name=\"twitter:card\" content=\"summary_large_image\" \/>\n<meta name=\"twitter:label1\" content=\"Est. reading time\" \/>\n\t<meta name=\"twitter:data1\" content=\"4 minutes\" \/>\n<script type=\"application\/ld+json\" class=\"yoast-schema-graph\">{\"@context\":\"https:\\\/\\\/schema.org\",\"@graph\":[{\"@type\":\"WebPage\",\"@id\":\"https:\\\/\\\/rivevents.com\\\/en\\\/nautical-experiences\\\/\",\"url\":\"https:\\\/\\\/rivevents.com\\\/en\\\/nautical-experiences\\\/\",\"name\":\"Nautical Experience \u2013 RIV Events\",\"isPartOf\":{\"@id\":\"https:\\\/\\\/rivevents.com\\\/#website\"},\"datePublished\":\"2017-02-10T10:49:37+00:00\",\"dateModified\":\"2025-07-28T06:09:36+00:00\",\"description\":\"Nautical Experience: Discover the French Riviera by sea with our premium cruises and nautical excursions.\",\"breadcrumb\":{\"@id\":\"https:\\\/\\\/rivevents.com\\\/en\\\/nautical-experiences\\\/#breadcrumb\"},\"inLanguage\":\"en-US\",\"potentialAction\":[{\"@type\":\"ReadAction\",\"target\":[\"https:\\\/\\\/rivevents.com\\\/en\\\/nautical-experiences\\\/\"]}]},{\"@type\":\"BreadcrumbList\",\"@id\":\"https:\\\/\\\/rivevents.com\\\/en\\\/nautical-experiences\\\/#breadcrumb\",\"itemListElement\":[{\"@type\":\"ListItem\",\"position\":1,\"name\":\"Accueil\",\"item\":\"https:\\\/\\\/rivevents.com\\\/en\\\/\"},{\"@type\":\"ListItem\",\"position\":2,\"name\":\"Nautical Experiences\"}]},{\"@type\":\"WebSite\",\"@id\":\"https:\\\/\\\/rivevents.com\\\/#website\",\"url\":\"https:\\\/\\\/rivevents.com\\\/\",\"name\":\"RIV EVENTS\",\"description\":\"RIV EVENTS est une agence de conciergerie \u00e9v\u00e9nementielle sur la C\u00f4te d&#039;Azur, sp\u00e9cialis\u00e9e dans la cr\u00e9ation d&#039;exp\u00e9riences exclusives et raffin\u00e9es.\",\"publisher\":{\"@id\":\"https:\\\/\\\/rivevents.com\\\/#organization\"},\"potentialAction\":[{\"@type\":\"SearchAction\",\"target\":{\"@type\":\"EntryPoint\",\"urlTemplate\":\"https:\\\/\\\/rivevents.com\\\/?s={search_term_string}\"},\"query-input\":{\"@type\":\"PropertyValueSpecification\",\"valueRequired\":true,\"valueName\":\"search_term_string\"}}],\"inLanguage\":\"en-US\"},{\"@type\":\"Organization\",\"@id\":\"https:\\\/\\\/rivevents.com\\\/#organization\",\"name\":\"RIV EVENTS\",\"url\":\"https:\\\/\\\/rivevents.com\\\/\",\"logo\":{\"@type\":\"ImageObject\",\"inLanguage\":\"en-US\",\"@id\":\"https:\\\/\\\/rivevents.com\\\/#\\\/schema\\\/logo\\\/image\\\/\",\"url\":\"https:\\\/\\\/rivevents.com\\\/wp-content\\\/uploads\\\/2025\\\/03\\\/LOGO-RIV-EVENTS.png\",\"contentUrl\":\"https:\\\/\\\/rivevents.com\\\/wp-content\\\/uploads\\\/2025\\\/03\\\/LOGO-RIV-EVENTS.png\",\"width\":500,\"height\":500,\"caption\":\"RIV EVENTS\"},\"image\":{\"@id\":\"https:\\\/\\\/rivevents.com\\\/#\\\/schema\\\/logo\\\/image\\\/\"}}]}<\/script>\n<!-- \/ Yoast SEO plugin. -->","yoast_head_json":{"title":"Nautical Experience \u2013 RIV Events","description":"Nautical Experience: Discover the French Riviera by sea with our premium cruises and nautical excursions.","robots":{"index":"index","follow":"follow","max-snippet":"max-snippet:-1","max-image-preview":"max-image-preview:large","max-video-preview":"max-video-preview:-1"},"canonical":"https:\/\/rivevents.com\/en\/nautical-experiences\/","og_locale":"en_US","og_type":"article","og_title":"Nautical Experience \u2013 RIV Events","og_description":"Nautical Experience: Discover the French Riviera by sea with our premium cruises and nautical excursions.","og_url":"https:\/\/rivevents.com\/en\/nautical-experiences\/","og_site_name":"RIV Events \u2013 Conciergerie de Luxe &amp; \u00c9v\u00e9nements","article_modified_time":"2025-07-28T06:09:36+00:00","og_image":[{"width":1480,"height":906,"url":"https:\/\/rivevents.com\/wp-content\/uploads\/2024\/04\/Capture-decran-2024-04-18-a-19.00.20.png","type":"image\/png"}],"twitter_card":"summary_large_image","twitter_misc":{"Est. reading time":"4 minutes"},"schema":{"@context":"https:\/\/schema.org","@graph":[{"@type":"WebPage","@id":"https:\/\/rivevents.com\/en\/nautical-experiences\/","url":"https:\/\/rivevents.com\/en\/nautical-experiences\/","name":"Nautical Experience \u2013 RIV Events","isPartOf":{"@id":"https:\/\/rivevents.com\/#website"},"datePublished":"2017-02-10T10:49:37+00:00","dateModified":"2025-07-28T06:09:36+00:00","description":"Nautical Experience: Discover the French Riviera by sea with our premium cruises and nautical excursions.","breadcrumb":{"@id":"https:\/\/rivevents.com\/en\/nautical-experiences\/#breadcrumb"},"inLanguage":"en-US","potentialAction":[{"@type":"ReadAction","target":["https:\/\/rivevents.com\/en\/nautical-experiences\/"]}]},{"@type":"BreadcrumbList","@id":"https:\/\/rivevents.com\/en\/nautical-experiences\/#breadcrumb","itemListElement":[{"@type":"ListItem","position":1,"name":"Accueil","item":"https:\/\/rivevents.com\/en\/"},{"@type":"ListItem","position":2,"name":"Nautical Experiences"}]},{"@type":"WebSite","@id":"https:\/\/rivevents.com\/#website","url":"https:\/\/rivevents.com\/","name":"RIV EVENTS","description":"RIV EVENTS est une agence de conciergerie \u00e9v\u00e9nementielle sur la C\u00f4te d&#039;Azur, sp\u00e9cialis\u00e9e dans la cr\u00e9ation d&#039;exp\u00e9riences exclusives et raffin\u00e9es.","publisher":{"@id":"https:\/\/rivevents.com\/#organization"},"potentialAction":[{"@type":"SearchAction","target":{"@type":"EntryPoint","urlTemplate":"https:\/\/rivevents.com\/?s={search_term_string}"},"query-input":{"@type":"PropertyValueSpecification","valueRequired":true,"valueName":"search_term_string"}}],"inLanguage":"en-US"},{"@type":"Organization","@id":"https:\/\/rivevents.com\/#organization","name":"RIV EVENTS","url":"https:\/\/rivevents.com\/","logo":{"@type":"ImageObject","inLanguage":"en-US","@id":"https:\/\/rivevents.com\/#\/schema\/logo\/image\/","url":"https:\/\/rivevents.com\/wp-content\/uploads\/2025\/03\/LOGO-RIV-EVENTS.png","contentUrl":"https:\/\/rivevents.com\/wp-content\/uploads\/2025\/03\/LOGO-RIV-EVENTS.png","width":500,"height":500,"caption":"RIV EVENTS"},"image":{"@id":"https:\/\/rivevents.com\/#\/schema\/logo\/image\/"}}]}},"_links":{"self":[{"href":"https:\/\/rivevents.com\/en\/wp-json\/wp\/v2\/pages\/1758","targetHints":{"allow":["GET"]}}],"collection":[{"href":"https:\/\/rivevents.com\/en\/wp-json\/wp\/v2\/pages"}],"about":[{"href":"https:\/\/rivevents.com\/en\/wp-json\/wp\/v2\/types\/page"}],"author":[{"embeddable":true,"href":"https:\/\/rivevents.com\/en\/wp-json\/wp\/v2\/users\/1"}],"replies":[{"embeddable":true,"href":"https:\/\/rivevents.com\/en\/wp-json\/wp\/v2\/comments?post=1758"}],"version-history":[{"count":25,"href":"https:\/\/rivevents.com\/en\/wp-json\/wp\/v2\/pages\/1758\/revisions"}],"predecessor-version":[{"id":2272,"href":"https:\/\/rivevents.com\/en\/wp-json\/wp\/v2\/pages\/1758\/revisions\/2272"}],"wp:attachment":[{"href":"https:\/\/rivevents.com\/en\/wp-json\/wp\/v2\/media?parent=1758"}],"curies":[{"name":"wp","href":"https:\/\/api.w.org\/{rel}","templated":true}]}}