{"id":1755,"date":"2024-01-22T15:26:42","date_gmt":"2024-01-22T15:26:42","guid":{"rendered":"https:\/\/rivevents.com\/experiences-privatisees\/"},"modified":"2025-07-28T06:10:09","modified_gmt":"2025-07-28T06:10:09","slug":"privatized-experience","status":"publish","type":"page","link":"https:\/\/rivevents.com\/en\/privatized-experience\/","title":{"rendered":"Private Experience"},"content":{"rendered":"<div class=\"wpb-content-wrapper\"><p>[vc_row full_width=&#8221;stretch_row&#8221; css=&#8221;.vc_custom_1706957683018{margin-top: 50px !important;background-color: #faf8f5 !important;}&#8221;][vc_column width=&#8221;1\/2&#8243;][vc_empty_space height=&#8221;0.7rem&#8221; alter_height=&#8221;none&#8221; hide_on_mobile=&#8221;&#8221;][vc_empty_space height=&#8221;&#8221; alter_height=&#8221;huge&#8221; hide_on_mobile=&#8221;&#8221;][vc_column_text]<\/p>\n<h2><span style=\"color: #caa680;\">Privatized Experience<\/span><\/h2>\n<p>[\/vc_column_text]<div id=\"sc_title_690119497\"\r\n\t\tclass=\"sc_title sc_title_default  sc_align_left with_line\"><div class=\"sc_item_descr sc_title_descr sc_align_left\">Experience the exceptional with our VIP Privatized Experiences.Indulge in exclusive luxury, total privacy, and personalized attention for your unique moments.<\/p>\n<p>Discover the epitome of refinement with our premium services, dedicated to offering you an unparalleled experience.<\/div><\/div><!-- \/.sc_title -->[vc_empty_space height=&#8221;0.3rem&#8221; alter_height=&#8221;none&#8221; hide_on_mobile=&#8221;&#8221;][vc_empty_space height=&#8221;&#8221; alter_height=&#8221;huge&#8221; hide_on_mobile=&#8221;&#8221;][\/vc_column][vc_column width=&#8221;1\/2&#8243;][vc_single_image image=&#8221;1724&#8243; img_size=&#8221;full&#8221; alignment=&#8221;center&#8221; onclick=&#8221;link_image&#8221;][\/vc_column][\/vc_row][vc_row css=&#8221;.vc_custom_1705938072604{margin-top: 20px !important;margin-bottom: 20px !important;}&#8221;][vc_column width=&#8221;1\/2&#8243;][vc_empty_space hide_on_mobile=&#8221;&#8221;][vc_column_text]<\/p>\n<h3 style=\"text-align: center;\"><span style=\"color: #caa680;\">Unique Experience<\/span><\/h3>\n<p>[\/vc_column_text][vc_empty_space height=&#8221;10px&#8221; hide_on_mobile=&#8221;&#8221;][vc_single_image image=&#8221;1548&#8243; img_size=&#8221;full&#8221; alignment=&#8221;center&#8221; onclick=&#8221;link_image&#8221;][vc_empty_space height=&#8221;10px&#8221; hide_on_mobile=&#8221;&#8221;][vc_column_text]<\/p>\n<p>Immerse yourself in art, gastronomy, and shopping with your personal assistant or guide for the day. Embark on a journey through the picturesque landscapes between Monaco and the Gulf of Saint-Tropez with our exclusive Private Day in a Mini-Van experience. Tailor your adventure along the French Riviera with our bespoke concierge service. Indulge in art, savor gourmet delicacies, and explore luxury shopping destinations\u2014all curated to fulfill your desires. Travel in comfort and luxury with our private driver and expert tour guide, guaranteeing a truly personalized and unforgettable experience.<\/p>\n<p>[\/vc_column_text][vc_empty_space hide_on_mobile=&#8221;&#8221;][\/vc_column][vc_column width=&#8221;1\/2&#8243;][vc_empty_space hide_on_mobile=&#8221;&#8221;][vc_column_text]<\/p>\n<h3 style=\"text-align: center;\"><span style=\"color: #caa680;\">Rooftop Privatization<\/span><\/h3>\n<p>[\/vc_column_text][vc_empty_space height=&#8221;10px&#8221; hide_on_mobile=&#8221;&#8221;][vc_single_image image=&#8221;1665&#8243; img_size=&#8221;full&#8221; alignment=&#8221;center&#8221; onclick=&#8221;link_image&#8221;][vc_empty_space height=&#8221;10px&#8221; hide_on_mobile=&#8221;&#8221;][vc_column_text]<\/p>\n<p>We have the solution for your special events. Weddings, anniversaries, or exclusive parties, by opting for our concierge service, we will open the doors to the most beautiful rooftops on the French Riviera with breathtaking panoramic views, guaranteeing a unique and memorable atmosphere for your event.<br \/>\nOur concierge service adapts to each of your requirements, offering a variety of spaces that meet your needs in terms of size and style, ensuring the customization of each event.<\/p>\n<p>[\/vc_column_text][vc_empty_space hide_on_mobile=&#8221;&#8221;][\/vc_column][\/vc_row][vc_row full_width=&#8221;stretch_row&#8221; css=&#8221;.vc_custom_1705945405957{margin-top: 20px !important;margin-bottom: 20px !important;background-color: #faf8f5 !important;}&#8221;][vc_column width=&#8221;1\/2&#8243;][vc_empty_space hide_on_mobile=&#8221;&#8221;][vc_empty_space hide_on_mobile=&#8221;&#8221;][vc_column_text]<\/p>\n<h3 style=\"text-align: center;\"><span style=\"color: #caa680;\">Classic Car Experience<\/span><\/h3>\n<p>[\/vc_column_text][vc_empty_space height=&#8221;10px&#8221; hide_on_mobile=&#8221;&#8221;][vc_single_image image=&#8221;1731&#8243; img_size=&#8221;full&#8221; alignment=&#8221;center&#8221; onclick=&#8221;link_image&#8221;][vc_empty_space height=&#8221;10px&#8221; hide_on_mobile=&#8221;&#8221;][vc_column_text]<\/p>\n<p>Experience an exceptional adventure behind the wheel of exceptional vintage cars with RIV EVENTS. We design customized itineraries, including lunch reservations, to enhance your timeless charm getaway.<br \/>\nAmong our prestigious vehicles, discover gems such as the Porsche 911, the Morgan Plus Four, the Porsche 356 Speedster, the Alfa Romeo Spider, the Triumph Spitfire, the De Vinci Brigitte, the Fiat 500 Spiaggina, the Mini Moke, and the Citro\u00ebn 2 CV.<\/p>\n<p>[\/vc_column_text][vc_empty_space hide_on_mobile=&#8221;&#8221;][vc_empty_space hide_on_mobile=&#8221;&#8221;][\/vc_column][vc_column width=&#8221;1\/2&#8243;][vc_empty_space hide_on_mobile=&#8221;&#8221;][vc_empty_space hide_on_mobile=&#8221;&#8221;][vc_column_text]<\/p>\n<h3 style=\"text-align: center;\"><span style=\"color: #caa680;\">The French Riviera from the Sky<\/span><\/h3>\n<p>[\/vc_column_text][vc_empty_space height=&#8221;10px&#8221; hide_on_mobile=&#8221;&#8221;][vc_single_image image=&#8221;1559&#8243; img_size=&#8221;full&#8221; alignment=&#8221;center&#8221; onclick=&#8221;link_image&#8221;][vc_empty_space height=&#8221;10px&#8221; hide_on_mobile=&#8221;&#8221;][vc_column_text]<\/p>\n<p>Soar into the exceptional with RIV EVENTS! Discover the French Riviera between Monaco and Saint-Tropez with breathtaking aerial views. Opt for our dedicated service, whether for a quick transfer or simply to treat yourself to an unforgettable aerial pleasure.<\/p>\n<p>[\/vc_column_text][vc_empty_space hide_on_mobile=&#8221;&#8221;][vc_empty_space hide_on_mobile=&#8221;&#8221;][\/vc_column][\/vc_row][vc_row css=&#8221;.vc_custom_1705938088775{margin-top: 20px !important;margin-bottom: 20px !important;}&#8221;][vc_column width=&#8221;1\/2&#8243;][vc_empty_space hide_on_mobile=&#8221;&#8221;][vc_column_text]<\/p>\n<h3 style=\"text-align: center;\"><span style=\"color: #caa680;\">Luxury Yacht and Boat Rentals<\/span><\/h3>\n<p>[\/vc_column_text][vc_empty_space height=&#8221;10px&#8221; hide_on_mobile=&#8221;&#8221;][vc_single_image image=&#8221;1562&#8243; img_size=&#8221;full&#8221; alignment=&#8221;center&#8221; onclick=&#8221;link_image&#8221;][vc_empty_space height=&#8221;10px&#8221; hide_on_mobile=&#8221;&#8221;][vc_column_text]<\/p>\n<p>Embark on an exclusive adventure with yacht and catamaran charter. Whether it&#8217;s for a day, a weekend, or an evening on board.<br \/>\nWe create an unforgettable experience, from the smallest to the largest of vessels. Explore the luxury of our high-end yacht rental services, crafted to ensure every moment is memorable.<\/p>\n<p>[\/vc_column_text][vc_empty_space hide_on_mobile=&#8221;&#8221;][\/vc_column][vc_column width=&#8221;1\/2&#8243;][vc_empty_space hide_on_mobile=&#8221;&#8221;][vc_column_text]<\/p>\n<h3 style=\"text-align: center;\"><span style=\"color: #caa180;\">Street Food Tour &#8211; Culinary Experience<\/span><\/h3>\n<p>[\/vc_column_text][vc_empty_space height=&#8221;10px&#8221; hide_on_mobile=&#8221;&#8221;][vc_single_image image=&#8221;1728&#8243; img_size=&#8221;full&#8221; alignment=&#8221;center&#8221; onclick=&#8221;link_image&#8221;][vc_empty_space height=&#8221;10px&#8221; hide_on_mobile=&#8221;&#8221;][vc_column_text]<\/p>\n<p>Explore the authentic flavors of the French Riviera with RIV EVENTS during our exclusive Street Food Tour and Culinary Experience<br \/>\nChoose between Villefranche, Nice, Antibes, or Cannes and dive into an unforgettable gastronomic adventure. Taste delicious local dishes, uncover well-kept culinary secrets, and explore picturesque wine cellars. Our personalized tour offers you an authentic experience of local gastronomy, combining conviviality and culinary discoveries. Join us for a gourmet journey where each bite tells a story.<\/p>\n<p>[\/vc_column_text][vc_empty_space hide_on_mobile=&#8221;&#8221;][\/vc_column][\/vc_row][vc_row full_width=&#8221;stretch_row&#8221; css=&#8221;.vc_custom_1705945418376{margin-top: 20px !important;margin-bottom: 20px !important;background-color: #faf8f5 !important;}&#8221;][vc_column width=&#8221;1\/2&#8243;][vc_empty_space hide_on_mobile=&#8221;&#8221;][vc_empty_space hide_on_mobile=&#8221;&#8221;][vc_column_text]<\/p>\n<h3 style=\"text-align: center;\"><span style=\"color: #caa180;\">Explore Coco Chanel&#8217;s Universe<\/span><\/h3>\n<p>[\/vc_column_text][vc_single_image image=&#8221;1569&#8243; img_size=&#8221;full&#8221; alignment=&#8221;center&#8221; onclick=&#8221;link_image&#8221;][vc_empty_space height=&#8221;10px&#8221; hide_on_mobile=&#8221;&#8221;][vc_column_text]<\/p>\n<p>Explore the vineyard, discover Coco Chanel&#8217;s captivating history Immerse yourself in an exclusive wine tasting experience at the Ch\u00e2teau where she spent a lot of time.<br \/>\nIndulge in the finest wines during a meticulously curated tasting experience. Embark on an excursion brimming with history and elegance. Enhance your visit by choosing the picnic option amidst the fields, ensuring an even more memorable experience, whether enjoyed privately or with a family group<\/p>\n<p>[\/vc_column_text][vc_empty_space hide_on_mobile=&#8221;&#8221;][\/vc_column][vc_column width=&#8221;1\/2&#8243;][vc_empty_space hide_on_mobile=&#8221;&#8221;][vc_empty_space hide_on_mobile=&#8221;&#8221;][vc_column_text]<\/p>\n<h3 style=\"text-align: center;\"><span style=\"color: #caa180;\">On the trail of the great masters <\/span><\/h3>\n<p>[\/vc_column_text][vc_single_image image=&#8221;1571&#8243; img_size=&#8221;full&#8221; alignment=&#8221;center&#8221; onclick=&#8221;link_image&#8221;][vc_empty_space height=&#8221;10px&#8221; hide_on_mobile=&#8221;&#8221;][vc_column_text]<\/p>\n<p>An exclusive artistic experience with Riv Events. Explore the world of the great art masters such as Marc Chagall, Renoir, and Picasso with our exclusive experience.<br \/>\nFollow in the footsteps of these artists aboard a private car, accompanied by a passionate guide. Immerse yourself in the forbidden and discover art in a new way, transforming each artwork into a personal and unforgettable experience.<\/p>\n<p>[\/vc_column_text][vc_empty_space hide_on_mobile=&#8221;&#8221;][\/vc_column][\/vc_row][vc_row full_width=&#8221;stretch_row&#8221;][vc_column width=&#8221;1\/2&#8243;][vc_empty_space height=&#8221;&#8221; hide_on_mobile=&#8221;&#8221;][vc_empty_space height=&#8221;&#8221; alter_height=&#8221;medium&#8221; hide_on_mobile=&#8221;&#8221;]<div id=\"sc_title_1441151619\"\r\n\t\tclass=\"sc_title sc_title_default small_size  sc_align_left \"><h3 class=\"sc_item_title sc_title_title sc_align_left sc_item_title_style_default small_size\">A question ? A project ?<\/h3><div class=\"sc_item_descr sc_title_descr sc_align_left\">Let's bring your projects to life together!<\/div><\/div><!-- \/.sc_title -->[vc_empty_space height=&#8221;0.3rem&#8221; alter_height=&#8221;none&#8221; hide_on_mobile=&#8221;1&#8243;][vc_empty_space height=&#8221;&#8221; alter_height=&#8221;medium&#8221; hide_on_mobile=&#8221;&#8221;][\/vc_column][vc_column width=&#8221;1\/2&#8243;][vc_empty_space height=&#8221;0.8rem&#8221; alter_height=&#8221;none&#8221; hide_on_mobile=&#8221;1&#8243;][vc_empty_space height=&#8221;&#8221; alter_height=&#8221;medium&#8221; hide_on_mobile=&#8221;1&#8243;][vc_row_inner][vc_column_inner offset=&#8221;vc_col-lg-offset-4 vc_col-lg-8 vc_col-md-offset-3 vc_col-md-9&#8243;]<div class=\"sc_item_button sc_button_wrap\"><a href=\"https:\/\/rivevents.com\/index.php\/contacts\/\" id=\"sc_button_1978480102\" class=\"sc_button sc_button_style_2 sc_button_size_normal sc_button_icon_top\"><span class=\"sc_button_text\"><span class=\"sc_button_title\">Nous contacter<\/span><\/span><!-- \/.sc_button_text --><\/a><!-- \/.sc_button --><\/div><!-- \/.sc_item_button -->[\/vc_column_inner][\/vc_row_inner][vc_empty_space height=&#8221;&#8221; alter_height=&#8221;medium&#8221; hide_on_mobile=&#8221;&#8221;][\/vc_column][\/vc_row][vc_row full_width=&#8221;stretch_row&#8221; equal_height=&#8221;yes&#8221; content_placement=&#8221;middle&#8221; scheme=&#8221;dark&#8221; css=&#8221;.vc_custom_1489499279939{background-color: #22222e !important;}&#8221;][vc_column width=&#8221;1\/3&#8243;][vc_empty_space height=&#8221;&#8221; alter_height=&#8221;small&#8221; hide_on_mobile=&#8221;&#8221;][vc_row_inner][vc_column_inner offset=&#8221;vc_col-md-11&#8243;]<div id=\"sc_title_1760444696\"\r\n\t\tclass=\"sc_title sc_title_default small_size  sc_align_center \"><h3 class=\"sc_item_title sc_title_title sc_align_center sc_item_title_style_default small_size sc_item_title_tag\">Sign up for the Newsletter<\/h3><\/div><!-- \/.sc_title -->[\/vc_column_inner][\/vc_row_inner][vc_empty_space height=&#8221;&#8221; alter_height=&#8221;small&#8221; hide_on_mobile=&#8221;1&#8243;][\/vc_column][vc_column width=&#8221;1\/3&#8243;][vc_empty_space height=&#8221;0.9rem&#8221; alter_height=&#8221;none&#8221; hide_on_mobile=&#8221;1&#8243;][vc_empty_space height=&#8221;&#8221; alter_height=&#8221;medium&#8221; hide_on_mobile=&#8221;&#8221;][vc_row_inner][vc_column_inner width=&#8221;5\/6&#8243; offset=&#8221;vc_col-md-10 vc_col-xs-12&#8243;][vc_column_text]<\/p>\n<p style=\"text-align: center;\">Enter your email, and we will keep you updated with the latest news.<\/p>\n<p>[\/vc_column_text][\/vc_column_inner][\/vc_row_inner][vc_empty_space height=&#8221;4.3rem&#8221; alter_height=&#8221;none&#8221; hide_on_mobile=&#8221;1&#8243;][\/vc_column][vc_column width=&#8221;1\/3&#8243;][vc_empty_space height=&#8221;1.15rem&#8221; alter_height=&#8221;none&#8221; hide_on_mobile=&#8221;1&#8243;][vc_empty_space height=&#8221;&#8221; alter_height=&#8221;medium&#8221; hide_on_mobile=&#8221;&#8221;][vc_column_text][\/vc_column_text][vc_empty_space height=&#8221;&#8221; alter_height=&#8221;medium&#8221; hide_on_mobile=&#8221;&#8221;][\/vc_column][\/vc_row][vc_row][vc_column][vc_raw_html]JTVCaW5zdGFncmFtLWZlZWQlMjBmZWVkJTNENCU1RA==[\/vc_raw_html][\/vc_column][\/vc_row]<\/p>\n<\/div>","protected":false},"excerpt":{"rendered":"<p>[vc_row full_width=&#8221;stretch_row&#8221; css=&#8221;.vc_custom_1706957683018{margin-top: 50px !important;background-color: #faf8f5 !important;}&#8221;][vc_column width=&#8221;1\/2&#8243;][vc_empty_space height=&#8221;0.7rem&#8221; alter_height=&#8221;none&#8221; hide_on_mobile=&#8221;&#8221;][vc_empty_space height=&#8221;&#8221; alter_height=&#8221;huge&#8221; hide_on_mobile=&#8221;&#8221;][vc_column_text] Privatized Experience [\/vc_column_text][vc_empty_space height=&#8221;0.3rem&#8221; alter_height=&#8221;none&#8221; hide_on_mobile=&#8221;&#8221;][vc_empty_space height=&#8221;&#8221; alter_height=&#8221;huge&#8221; hide_on_mobile=&#8221;&#8221;][\/vc_column][vc_column width=&#8221;1\/2&#8243;][vc_single_image image=&#8221;1724&#8243; img_size=&#8221;full&#8221; alignment=&#8221;center&#8221; onclick=&#8221;link_image&#8221;][\/vc_column][\/vc_row][vc_row css=&#8221;.vc_custom_1705938072604{margin-top: 20px !important;margin-bottom: 20px !important;}&#8221;][vc_column width=&#8221;1\/2&#8243;][vc_empty_space hide_on_mobile=&#8221;&#8221;][vc_column_text] Unique Experience [\/vc_column_text][vc_empty_space height=&#8221;10px&#8221; hide_on_mobile=&#8221;&#8221;][vc_single_image image=&#8221;1548&#8243; img_size=&#8221;full&#8221; alignment=&#8221;center&#8221; onclick=&#8221;link_image&#8221;][vc_empty_space height=&#8221;10px&#8221; hide_on_mobile=&#8221;&#8221;][vc_column_text] Immerse yourself in art, gastronomy, and shopping with your personal assistant or guide for&hellip;<\/p>\n","protected":false},"author":1,"featured_media":0,"parent":0,"menu_order":0,"comment_status":"closed","ping_status":"closed","template":"","meta":{"inline_featured_image":false,"footnotes":""},"class_list":["post-1755","page","type-page","status-publish","hentry"],"yoast_head":"<!-- This site is optimized with the Yoast SEO plugin v27.4 - https:\/\/yoast.com\/product\/yoast-seo-wordpress\/ -->\n<title>Private Experience \u2013 RIV Events<\/title>\n<meta name=\"description\" content=\"Private Experience : Unique venues just for you: create your own private and unforgettable moment with RIV Events.\" \/>\n<meta name=\"robots\" content=\"index, follow, max-snippet:-1, max-image-preview:large, max-video-preview:-1\" \/>\n<link rel=\"canonical\" href=\"https:\/\/rivevents.com\/en\/privatized-experience\/\" \/>\n<meta property=\"og:locale\" content=\"en_US\" \/>\n<meta property=\"og:type\" content=\"article\" \/>\n<meta property=\"og:title\" content=\"Private Experience \u2013 RIV Events\" \/>\n<meta property=\"og:description\" content=\"Private Experience : Unique venues just for you: create your own private and unforgettable moment with RIV Events.\" \/>\n<meta property=\"og:url\" content=\"https:\/\/rivevents.com\/en\/privatized-experience\/\" \/>\n<meta property=\"og:site_name\" content=\"RIV Events \u2013 Conciergerie de Luxe &amp; \u00c9v\u00e9nements\" \/>\n<meta property=\"article:modified_time\" content=\"2025-07-28T06:10:09+00:00\" \/>\n<meta property=\"og:image\" content=\"https:\/\/rivevents.com\/wp-content\/uploads\/2024\/04\/Capture-decran-2024-04-18-a-19.00.20.png\" \/>\n\t<meta property=\"og:image:width\" content=\"1480\" \/>\n\t<meta property=\"og:image:height\" content=\"906\" \/>\n\t<meta property=\"og:image:type\" content=\"image\/png\" \/>\n<meta name=\"twitter:card\" content=\"summary_large_image\" \/>\n<meta name=\"twitter:label1\" content=\"Est. reading time\" \/>\n\t<meta name=\"twitter:data1\" content=\"7 minutes\" \/>\n<script type=\"application\/ld+json\" class=\"yoast-schema-graph\">{\"@context\":\"https:\\\/\\\/schema.org\",\"@graph\":[{\"@type\":\"WebPage\",\"@id\":\"https:\\\/\\\/rivevents.com\\\/en\\\/privatized-experience\\\/\",\"url\":\"https:\\\/\\\/rivevents.com\\\/en\\\/privatized-experience\\\/\",\"name\":\"Private Experience \u2013 RIV Events\",\"isPartOf\":{\"@id\":\"https:\\\/\\\/rivevents.com\\\/#website\"},\"datePublished\":\"2024-01-22T15:26:42+00:00\",\"dateModified\":\"2025-07-28T06:10:09+00:00\",\"description\":\"Private Experience : Unique venues just for you: create your own private and unforgettable moment with RIV Events.\",\"breadcrumb\":{\"@id\":\"https:\\\/\\\/rivevents.com\\\/en\\\/privatized-experience\\\/#breadcrumb\"},\"inLanguage\":\"en-US\",\"potentialAction\":[{\"@type\":\"ReadAction\",\"target\":[\"https:\\\/\\\/rivevents.com\\\/en\\\/privatized-experience\\\/\"]}]},{\"@type\":\"BreadcrumbList\",\"@id\":\"https:\\\/\\\/rivevents.com\\\/en\\\/privatized-experience\\\/#breadcrumb\",\"itemListElement\":[{\"@type\":\"ListItem\",\"position\":1,\"name\":\"Accueil\",\"item\":\"https:\\\/\\\/rivevents.com\\\/en\\\/\"},{\"@type\":\"ListItem\",\"position\":2,\"name\":\"Private Experience\"}]},{\"@type\":\"WebSite\",\"@id\":\"https:\\\/\\\/rivevents.com\\\/#website\",\"url\":\"https:\\\/\\\/rivevents.com\\\/\",\"name\":\"RIV EVENTS\",\"description\":\"RIV EVENTS est une agence de conciergerie \u00e9v\u00e9nementielle sur la C\u00f4te d&#039;Azur, sp\u00e9cialis\u00e9e dans la cr\u00e9ation d&#039;exp\u00e9riences exclusives et raffin\u00e9es.\",\"publisher\":{\"@id\":\"https:\\\/\\\/rivevents.com\\\/#organization\"},\"potentialAction\":[{\"@type\":\"SearchAction\",\"target\":{\"@type\":\"EntryPoint\",\"urlTemplate\":\"https:\\\/\\\/rivevents.com\\\/?s={search_term_string}\"},\"query-input\":{\"@type\":\"PropertyValueSpecification\",\"valueRequired\":true,\"valueName\":\"search_term_string\"}}],\"inLanguage\":\"en-US\"},{\"@type\":\"Organization\",\"@id\":\"https:\\\/\\\/rivevents.com\\\/#organization\",\"name\":\"RIV EVENTS\",\"url\":\"https:\\\/\\\/rivevents.com\\\/\",\"logo\":{\"@type\":\"ImageObject\",\"inLanguage\":\"en-US\",\"@id\":\"https:\\\/\\\/rivevents.com\\\/#\\\/schema\\\/logo\\\/image\\\/\",\"url\":\"https:\\\/\\\/rivevents.com\\\/wp-content\\\/uploads\\\/2025\\\/03\\\/LOGO-RIV-EVENTS.png\",\"contentUrl\":\"https:\\\/\\\/rivevents.com\\\/wp-content\\\/uploads\\\/2025\\\/03\\\/LOGO-RIV-EVENTS.png\",\"width\":500,\"height\":500,\"caption\":\"RIV EVENTS\"},\"image\":{\"@id\":\"https:\\\/\\\/rivevents.com\\\/#\\\/schema\\\/logo\\\/image\\\/\"}}]}<\/script>\n<!-- \/ Yoast SEO plugin. -->","yoast_head_json":{"title":"Private Experience \u2013 RIV Events","description":"Private Experience : Unique venues just for you: create your own private and unforgettable moment with RIV Events.","robots":{"index":"index","follow":"follow","max-snippet":"max-snippet:-1","max-image-preview":"max-image-preview:large","max-video-preview":"max-video-preview:-1"},"canonical":"https:\/\/rivevents.com\/en\/privatized-experience\/","og_locale":"en_US","og_type":"article","og_title":"Private Experience \u2013 RIV Events","og_description":"Private Experience : Unique venues just for you: create your own private and unforgettable moment with RIV Events.","og_url":"https:\/\/rivevents.com\/en\/privatized-experience\/","og_site_name":"RIV Events \u2013 Conciergerie de Luxe &amp; \u00c9v\u00e9nements","article_modified_time":"2025-07-28T06:10:09+00:00","og_image":[{"width":1480,"height":906,"url":"https:\/\/rivevents.com\/wp-content\/uploads\/2024\/04\/Capture-decran-2024-04-18-a-19.00.20.png","type":"image\/png"}],"twitter_card":"summary_large_image","twitter_misc":{"Est. reading time":"7 minutes"},"schema":{"@context":"https:\/\/schema.org","@graph":[{"@type":"WebPage","@id":"https:\/\/rivevents.com\/en\/privatized-experience\/","url":"https:\/\/rivevents.com\/en\/privatized-experience\/","name":"Private Experience \u2013 RIV Events","isPartOf":{"@id":"https:\/\/rivevents.com\/#website"},"datePublished":"2024-01-22T15:26:42+00:00","dateModified":"2025-07-28T06:10:09+00:00","description":"Private Experience : Unique venues just for you: create your own private and unforgettable moment with RIV Events.","breadcrumb":{"@id":"https:\/\/rivevents.com\/en\/privatized-experience\/#breadcrumb"},"inLanguage":"en-US","potentialAction":[{"@type":"ReadAction","target":["https:\/\/rivevents.com\/en\/privatized-experience\/"]}]},{"@type":"BreadcrumbList","@id":"https:\/\/rivevents.com\/en\/privatized-experience\/#breadcrumb","itemListElement":[{"@type":"ListItem","position":1,"name":"Accueil","item":"https:\/\/rivevents.com\/en\/"},{"@type":"ListItem","position":2,"name":"Private Experience"}]},{"@type":"WebSite","@id":"https:\/\/rivevents.com\/#website","url":"https:\/\/rivevents.com\/","name":"RIV EVENTS","description":"RIV EVENTS est une agence de conciergerie \u00e9v\u00e9nementielle sur la C\u00f4te d&#039;Azur, sp\u00e9cialis\u00e9e dans la cr\u00e9ation d&#039;exp\u00e9riences exclusives et raffin\u00e9es.","publisher":{"@id":"https:\/\/rivevents.com\/#organization"},"potentialAction":[{"@type":"SearchAction","target":{"@type":"EntryPoint","urlTemplate":"https:\/\/rivevents.com\/?s={search_term_string}"},"query-input":{"@type":"PropertyValueSpecification","valueRequired":true,"valueName":"search_term_string"}}],"inLanguage":"en-US"},{"@type":"Organization","@id":"https:\/\/rivevents.com\/#organization","name":"RIV EVENTS","url":"https:\/\/rivevents.com\/","logo":{"@type":"ImageObject","inLanguage":"en-US","@id":"https:\/\/rivevents.com\/#\/schema\/logo\/image\/","url":"https:\/\/rivevents.com\/wp-content\/uploads\/2025\/03\/LOGO-RIV-EVENTS.png","contentUrl":"https:\/\/rivevents.com\/wp-content\/uploads\/2025\/03\/LOGO-RIV-EVENTS.png","width":500,"height":500,"caption":"RIV EVENTS"},"image":{"@id":"https:\/\/rivevents.com\/#\/schema\/logo\/image\/"}}]}},"_links":{"self":[{"href":"https:\/\/rivevents.com\/en\/wp-json\/wp\/v2\/pages\/1755","targetHints":{"allow":["GET"]}}],"collection":[{"href":"https:\/\/rivevents.com\/en\/wp-json\/wp\/v2\/pages"}],"about":[{"href":"https:\/\/rivevents.com\/en\/wp-json\/wp\/v2\/types\/page"}],"author":[{"embeddable":true,"href":"https:\/\/rivevents.com\/en\/wp-json\/wp\/v2\/users\/1"}],"replies":[{"embeddable":true,"href":"https:\/\/rivevents.com\/en\/wp-json\/wp\/v2\/comments?post=1755"}],"version-history":[{"count":10,"href":"https:\/\/rivevents.com\/en\/wp-json\/wp\/v2\/pages\/1755\/revisions"}],"predecessor-version":[{"id":2273,"href":"https:\/\/rivevents.com\/en\/wp-json\/wp\/v2\/pages\/1755\/revisions\/2273"}],"wp:attachment":[{"href":"https:\/\/rivevents.com\/en\/wp-json\/wp\/v2\/media?parent=1755"}],"curies":[{"name":"wp","href":"https:\/\/api.w.org\/{rel}","templated":true}]}}